{"id":109,"date":"2021-07-16T11:18:04","date_gmt":"2021-07-16T11:18:04","guid":{"rendered":"https:\/\/isjassessors.com\/?page_id=109"},"modified":"2022-12-15T10:00:33","modified_gmt":"2022-12-15T10:00:33","slug":"acomiadament","status":"publish","type":"page","link":"https:\/\/isjassessors.com\/ca\/acomiadament","title":{"rendered":"acomiadament"},"content":{"rendered":"<p>[et_pb_section fb_built=&#8221;1&#8243; admin_label=&#8221;Hero&#8221; _builder_version=&#8221;4.16&#8243; background_color=&#8221;#084666&#8243; use_background_color_gradient=&#8221;on&#8221; background_color_gradient_direction=&#8221;170deg&#8221; background_color_gradient_stops=&#8221;#002e4f 1%|rgba(8,70,102,0.8) 100%&#8221; background_color_gradient_overlays_image=&#8221;on&#8221; background_color_gradient_start=&#8221;#002e4f&#8221; background_color_gradient_start_position=&#8221;1%&#8221; background_color_gradient_end=&#8221;rgba(8,70,102,0.8)&#8221; background_image=&#8221;https:\/\/isjassessors.com\/wp-content\/uploads\/2021\/07\/despido-laboral-2.jpg&#8221; custom_padding=&#8221;11px||4px|||&#8221; global_colors_info=&#8221;{}&#8221;][et_pb_row _builder_version=&#8221;4.16&#8243; background_size=&#8221;initial&#8221; background_position=&#8221;top_left&#8221; background_repeat=&#8221;repeat&#8221; custom_padding=&#8221;27px|0px|27px|0px|false|false&#8221; global_colors_info=&#8221;{}&#8221;][et_pb_column type=&#8221;4_4&#8243; _builder_version=&#8221;4.16&#8243; custom_padding=&#8221;|||&#8221; global_colors_info=&#8221;{}&#8221; custom_padding__hover=&#8221;|||&#8221;][et_pb_text _builder_version=&#8221;4.16&#8243; text_font=&#8221;||||||||&#8221; text_font_size=&#8221;20px&#8221; text_line_height=&#8221;1.8em&#8221; header_font=&#8221;Open Sans|800|||||||&#8221; header_font_size=&#8221;45px&#8221; header_line_height=&#8221;1.3em&#8221; background_size=&#8221;initial&#8221; background_position=&#8221;top_left&#8221; background_repeat=&#8221;repeat&#8221; background_layout=&#8221;dark&#8221; max_width=&#8221;600px&#8221; custom_margin=&#8221;|||&#8221; custom_margin_tablet=&#8221;|100px||&#8221; custom_margin_phone=&#8221;|30px||&#8221; custom_margin_last_edited=&#8221;off|desktop&#8221; custom_padding=&#8221;||0px|||&#8221; header_font_size_tablet=&#8221;50px&#8221; header_font_size_phone=&#8221;40px&#8221; header_font_size_last_edited=&#8221;on|phone&#8221; header_line_height_tablet=&#8221;&#8221; header_line_height_phone=&#8221;&#8221; header_line_height_last_edited=&#8221;on|desktop&#8221; global_colors_info=&#8221;{}&#8221;]<\/p>\n<h1 class=\"page-entry-title\">Advocat acomiadaments laborals<\/h1>\n<p style=\"text-align: justify;\">M\u00e0xima indemnitzaci\u00f3 garantida per advocats especialistes en acomiadaments. Reclama la indemnitzaci\u00f3 que et correspon pel teu acomiadament.<\/p>\n<p>[\/et_pb_text][et_pb_button button_url=&#8221;https:\/\/isjassessors.com\/ca\/contacte&#8221; button_text=&#8221;Contacta&#8221; _builder_version=&#8221;4.19.3&#8243; custom_button=&#8221;on&#8221; button_text_size=&#8221;15px&#8221; button_bg_color=&#8221;#000000&#8243; button_border_width=&#8221;0px&#8221; button_border_radius=&#8221;0px&#8221; button_letter_spacing=&#8221;2px&#8221; button_font=&#8221;Open Sans|700||on|||||&#8221; button_use_icon=&#8221;off&#8221; background_layout=&#8221;dark&#8221; custom_margin=&#8221;||||true&#8221; custom_padding=&#8221;16px|32px|16px|32px|true|true&#8221; hover_enabled=&#8221;0&#8243; button_letter_spacing_hover=&#8221;2px&#8221; button_bg_color_hover=&#8221;#00e2c4&#8243; global_colors_info=&#8221;{}&#8221; button_text_size__hover_enabled=&#8221;off&#8221; button_one_text_size__hover_enabled=&#8221;off&#8221; button_two_text_size__hover_enabled=&#8221;off&#8221; button_text_color__hover_enabled=&#8221;off&#8221; button_one_text_color__hover_enabled=&#8221;off&#8221; button_two_text_color__hover_enabled=&#8221;off&#8221; button_border_width__hover_enabled=&#8221;off&#8221; button_one_border_width__hover_enabled=&#8221;off&#8221; button_two_border_width__hover_enabled=&#8221;off&#8221; button_border_color__hover_enabled=&#8221;off&#8221; button_one_border_color__hover_enabled=&#8221;off&#8221; button_two_border_color__hover_enabled=&#8221;off&#8221; button_border_radius__hover_enabled=&#8221;off&#8221; button_one_border_radius__hover_enabled=&#8221;off&#8221; button_two_border_radius__hover_enabled=&#8221;off&#8221; button_letter_spacing__hover_enabled=&#8221;on&#8221; button_letter_spacing__hover=&#8221;2px&#8221; button_one_letter_spacing__hover_enabled=&#8221;off&#8221; button_two_letter_spacing__hover_enabled=&#8221;off&#8221; button_bg_color__hover_enabled=&#8221;on&#8221; button_bg_color__hover=&#8221;#00e2c4&#8243; button_one_bg_color__hover_enabled=&#8221;off&#8221; button_two_bg_color__hover_enabled=&#8221;off&#8221; sticky_enabled=&#8221;0&#8243;][\/et_pb_button][\/et_pb_column][\/et_pb_row][\/et_pb_section][et_pb_section fb_built=&#8221;1&#8243; _builder_version=&#8221;4.16&#8243; _module_preset=&#8221;default&#8221; global_colors_info=&#8221;{}&#8221;][et_pb_row column_structure=&#8221;1_3,1_3,1_3&#8243; _builder_version=&#8221;4.16&#8243; _module_preset=&#8221;default&#8221; max_width=&#8221;100%&#8221; global_colors_info=&#8221;{}&#8221;][et_pb_column type=&#8221;1_3&#8243; _builder_version=&#8221;4.16&#8243; _module_preset=&#8221;default&#8221; global_colors_info=&#8221;{}&#8221;][et_pb_image src=&#8221;https:\/\/isjassessors.com\/wp-content\/uploads\/2021\/07\/despido-laboral-1.jpg&#8221; title_text=&#8221;despido laboral&#8221; force_fullwidth=&#8221;on&#8221; _builder_version=&#8221;4.16&#8243; _module_preset=&#8221;default&#8221; global_colors_info=&#8221;{}&#8221;][\/et_pb_image][\/et_pb_column][et_pb_column type=&#8221;1_3&#8243; _builder_version=&#8221;4.16&#8243; _module_preset=&#8221;default&#8221; global_colors_info=&#8221;{}&#8221;][et_pb_text _builder_version=&#8221;4.16&#8243; text_font=&#8221;||||||||&#8221; text_text_color=&#8221;#0074c5&#8243; text_font_size=&#8221;16px&#8221; text_line_height=&#8221;2em&#8221; header_font=&#8221;||||||||&#8221; header_2_font=&#8221;Montserrat|800|||||||&#8221; header_2_text_color=&#8221;#0074c5&#8243; header_2_font_size=&#8221;30px&#8221; header_2_line_height=&#8221;1.5em&#8221; header_3_font=&#8221;||||||||&#8221; header_4_font=&#8221;||||||||&#8221; max_width=&#8221;520px&#8221; max_width_tablet=&#8221;700px&#8221; max_width_phone=&#8221;700px&#8221; max_width_last_edited=&#8221;off|desktop&#8221; custom_margin=&#8221;||17px|||&#8221; custom_margin_tablet=&#8221;|0px||&#8221; custom_margin_phone=&#8221;|0px||&#8221; custom_margin_last_edited=&#8221;off|desktop&#8221; custom_padding=&#8221;20px|||&#8221; header_2_font_size_tablet=&#8221;30px&#8221; header_2_font_size_phone=&#8221;20px&#8221; header_2_font_size_last_edited=&#8221;on|phone&#8221; border_color_all=&#8221;#0074c5&#8243; border_width_top=&#8221;2px&#8221; locked=&#8221;off&#8221; global_colors_info=&#8221;{}&#8221;]<\/p>\n<h2>Reclamar acomiadament<\/h2>\n<p>[\/et_pb_text][et_pb_text _builder_version=&#8221;4.16&#8243; _module_preset=&#8221;default&#8221; background_color=&#8221;#FFFFFF&#8221; global_colors_info=&#8221;{}&#8221;]<\/p>\n<p style=\"text-align: justify;\">De manera general, un acomiadament es produeix quan, de forma unilateral, l&#8217; empresari decideix finalitzar la relaci\u00f3 laboral que l&#8217; unia amb el treballador. Aix\u00ed, et pots trobar en els seg\u00fcents tipus de comiat que explicarem a continuaci\u00f3.<\/p>\n<p style=\"text-align: justify;\">Cadascun dels tipus d&#8217; acomiadament ha de ser gestionat jur\u00eddicament d&#8217; una manera diferent i adaptat a les circumst\u00e0ncies en que s&#8217; ha produ\u00eft.<\/p>\n<p>[\/et_pb_text][et_pb_text _builder_version=&#8221;4.16&#8243; text_font=&#8221;||||||||&#8221; text_text_color=&#8221;#0074c5&#8243; text_font_size=&#8221;16px&#8221; text_line_height=&#8221;2em&#8221; header_font=&#8221;||||||||&#8221; header_2_font=&#8221;Montserrat|800|||||||&#8221; header_2_text_color=&#8221;#0074c5&#8243; header_2_font_size=&#8221;30px&#8221; header_2_line_height=&#8221;1.5em&#8221; header_3_font=&#8221;||||||||&#8221; header_4_font=&#8221;||||||||&#8221; max_width=&#8221;520px&#8221; max_width_tablet=&#8221;700px&#8221; max_width_phone=&#8221;700px&#8221; max_width_last_edited=&#8221;off|desktop&#8221; custom_margin=&#8221;||17px|||&#8221; custom_margin_tablet=&#8221;|0px||&#8221; custom_margin_phone=&#8221;|0px||&#8221; custom_margin_last_edited=&#8221;off|desktop&#8221; custom_padding=&#8221;20px|||&#8221; header_2_font_size_tablet=&#8221;30px&#8221; header_2_font_size_phone=&#8221;20px&#8221; header_2_font_size_last_edited=&#8221;on|phone&#8221; border_color_all=&#8221;#0074c5&#8243; border_width_top=&#8221;2px&#8221; locked=&#8221;off&#8221; global_colors_info=&#8221;{}&#8221;]<\/p>\n<h2>Acomiadament improcedent<\/h2>\n<p>[\/et_pb_text][et_pb_text _builder_version=&#8221;4.16&#8243; _module_preset=&#8221;default&#8221; background_color=&#8221;#FFFFFF&#8221; custom_padding=&#8221;||0px|||&#8221; global_colors_info=&#8221;{}&#8221;]<\/p>\n<p style=\"text-align: justify;\">L&#8217; acomiadament es declarar\u00e0 improcedent si no existeix causa que justifiqui el cessament, acreditant la gravetat de la conducta del treballador o si no compleix amb els requisits establerts en la llei.<\/p>\n<p style=\"text-align: justify;\">La qualificaci\u00f3 de l&#8217; acomiadament improcedent per part d&#8217; un Jutge genera dues possibles situacions:<\/p>\n<ul style=\"text-align: justify;\">\n<li>Extinci\u00f3 del contracte amb el pagament d&#8217; una indemnitzaci\u00f3 per acomiadament.<\/li>\n<li>Continuaci\u00f3 de la relaci\u00f3 laboral reincorporant al treballador en el seu lloc de treball, en les mateixes condicions que tenia amb anterioritat a l&#8217; acomiadament.<\/li>\n<\/ul>\n<p style=\"text-align: justify;\">L&#8217; opci\u00f3 entre indemnitzaci\u00f3 o reincorporaci\u00f3 \u00e9s de l&#8217; empresari, llevat dels casos previstos per llei en qu\u00e8 ser\u00e0 el treballador qui opti per una de les dues opcions.<\/p>\n<p style=\"text-align: justify;\">[\/et_pb_text][et_pb_text _builder_version=&#8221;4.16&#8243; text_font=&#8221;||||||||&#8221; text_text_color=&#8221;#0074c5&#8243; text_font_size=&#8221;16px&#8221; text_line_height=&#8221;2em&#8221; header_font=&#8221;||||||||&#8221; header_2_font=&#8221;Montserrat|800|||||||&#8221; header_2_text_color=&#8221;#0074c5&#8243; header_2_font_size=&#8221;30px&#8221; header_2_line_height=&#8221;1.5em&#8221; header_3_font=&#8221;||||||||&#8221; header_4_font=&#8221;||||||||&#8221; max_width=&#8221;520px&#8221; max_width_tablet=&#8221;700px&#8221; max_width_phone=&#8221;700px&#8221; max_width_last_edited=&#8221;off|desktop&#8221; custom_margin=&#8221;||17px|||&#8221; custom_margin_tablet=&#8221;|0px||&#8221; custom_margin_phone=&#8221;|0px||&#8221; custom_margin_last_edited=&#8221;off|desktop&#8221; custom_padding=&#8221;20px|||&#8221; header_2_font_size_tablet=&#8221;30px&#8221; header_2_font_size_phone=&#8221;20px&#8221; header_2_font_size_last_edited=&#8221;on|phone&#8221; border_color_all=&#8221;#0074c5&#8243; border_width_top=&#8221;2px&#8221; locked=&#8221;off&#8221; global_colors_info=&#8221;{}&#8221;]<\/p>\n<h2 style=\"text-align: justify;\">Acomiadament procedent<\/h2>\n<p>[\/et_pb_text][et_pb_text _builder_version=&#8221;4.16&#8243; _module_preset=&#8221;default&#8221; background_color=&#8221;#FFFFFF&#8221; custom_padding=&#8221;||0px|||&#8221; global_colors_info=&#8221;{}&#8221;]<\/p>\n<p style=\"text-align: justify;\">Si l&#8217; acomiadament \u00e9s procedent, compleix amb els requisits i causes que la Llei permet, no hi ha obligaci\u00f3 de pagar indemnitzaci\u00f3 per acomiadament, per\u00f2 s\u00ed quitan\u00e7a.<\/p>\n<p style=\"text-align: justify;\">En funci\u00f3 de la causa que motivi l&#8217; acomiadament del treballador, ens podem trobar davant:<\/p>\n<ul style=\"text-align: justify;\">\n<li>Acomiadament disciplinari: Es produeix quan el treballador comet algun tipus de falta prevista a la Llei o al conveni col\u00b7lectiu d&#8217; aplicaci\u00f3.<\/li>\n<li>Acomiadament objectiu: Es produeix quan concorre alguna de les causes previstes a l&#8217; article 52 de l&#8217; Estatut dels treballadors.<\/li>\n<\/ul>\n<p style=\"text-align: justify;\">Igualment, perqu\u00e8 un acomiadament objectiu es pugui entendre com a procedent, l&#8217; empresari haur\u00e0 de:<\/p>\n<ul>\n<li style=\"text-align: justify;\">Lliurar una comunicaci\u00f3 escrita al treballador explicant detalladament la causa del seu acomiadament i la seva raonabilitat.<\/li>\n<li style=\"text-align: justify;\">Posar a disposici\u00f3 del treballador una indemnitzaci\u00f3 equivalent a 20 dies per any treballat al mateix temps que la comunicaci\u00f3 escrita, a excepci\u00f3 de quan s&#8217; al\u00b7leguen causes econ\u00f2miques.<\/li>\n<li style=\"text-align: justify;\">Preav\u00eds de 15 dies des de la comunicaci\u00f3 escrita. En el cas de patir una discapacitat, es tindr\u00e0 dret a una llic\u00e8ncia de 6 hores setmanals per buscar una nova ocupaci\u00f3. L&#8217; incompliment d&#8217; aquest requisit no suposa la improced\u00e8ncia de l&#8217; acomiadament, per\u00f2 s\u00ed el dret del treballador a reclamar aquesta quantia.<\/li>\n<\/ul>\n<p>[\/et_pb_text][\/et_pb_column][et_pb_column type=&#8221;1_3&#8243; _builder_version=&#8221;4.16&#8243; _module_preset=&#8221;default&#8221; background_color=&#8221;#0074c5&#8243; global_colors_info=&#8221;{}&#8221;][dsm_contact_form_7 cf7_library=&#8221;1133&#8243; show_validation=&#8221;on&#8221; label_bottom_spacing=&#8221;0px&#8221; button_alignment=&#8221;left&#8221; input_background_color=&#8221;RGBA(0,0,0,0)&#8221; file_padding=&#8221;||||false|false&#8221; file_background_color=&#8221;#FFFFFF&#8221; validation_error_background_color=&#8221;#FFFFFF&#8221; validation_success_background_color=&#8221;#FFFFFF&#8221; disabled_on=&#8221;off|off|off&#8221; _builder_version=&#8221;4.19.3&#8243; _module_preset=&#8221;default&#8221; labels_text_color=&#8221;#FFFFFF&#8221; input_textarea_select_text_color=&#8221;#FFFFFF&#8221; input_textarea_select_line_height=&#8221;1.1em&#8221; placeholder_text_color=&#8221;#FFFFFF&#8221; placeholder_line_height=&#8221;1.1em&#8221; radio_checkbox_text_color=&#8221;#FFFFFF&#8221; radio_checkbox_line_height=&#8221;1.1em&#8221; error_msg_text_color=&#8221;#EDF000&#8243; error_msg_line_height=&#8221;1.4em&#8221; error_validation_line_height=&#8221;1.2em&#8221; success_validation_line_height=&#8221;1.1em&#8221; background_color=&#8221;RGBA(0,0,0,0)&#8221; custom_button_one=&#8221;on&#8221; button_one_text_size=&#8221;17px&#8221; button_one_text_color=&#8221;#FFFFFF&#8221; button_one_bg_color=&#8221;RGBA(0,0,0,0)&#8221; button_one_border_width=&#8221;1px&#8221; button_one_border_radius=&#8221;10px&#8221; button_one_icon_color=&#8221;#FFFFFF&#8221; button_one_custom_margin=&#8221;15px|||5%|false|false&#8221; custom_margin=&#8221;5%|5%|10%|5%|false|false&#8221; custom_padding=&#8221;||45px||false|false&#8221; hover_enabled=&#8221;0&#8243; border_radii_image=&#8221;on|8px|8px|8px|8px&#8221; border_width_all_image=&#8221;1px&#8221; border_color_all_image=&#8221;rgba(255,255,255,0.48)&#8221; border_color_all_error_validation=&#8221;#FFFFFF&#8221; border_width_all_validation_success=&#8221;0px&#8221; border_color_all_validation_success=&#8221;#000000&#8243; global_colors_info=&#8221;{}&#8221; sticky_enabled=&#8221;0&#8243;][\/dsm_contact_form_7][\/et_pb_column][\/et_pb_row][\/et_pb_section]<\/p>\n","protected":false},"excerpt":{"rendered":"<p>Advocat acomiadaments laborals M\u00e0xima indemnitzaci\u00f3 garantida per advocats especialistes en acomiadaments. Reclama la indemnitzaci\u00f3 que et correspon pel teu acomiadament.Reclamar acomiadamentDe manera general, un acomiadament es produeix quan, de forma unilateral, l&#8217; empresari decideix finalitzar la relaci\u00f3 laboral que l&#8217; unia amb el treballador. Aix\u00ed, et pots trobar en els seg\u00fcents tipus de comiat que [&hellip;]<\/p>\n","protected":false},"author":1,"featured_media":0,"parent":0,"menu_order":0,"comment_status":"closed","ping_status":"closed","template":"","meta":{"_et_pb_use_builder":"on","_et_pb_old_content":"","_et_gb_content_width":"","footnotes":""},"class_list":["post-109","page","type-page","status-publish","hentry"],"_links":{"self":[{"href":"https:\/\/isjassessors.com\/ca\/wp-json\/wp\/v2\/pages\/109","targetHints":{"allow":["GET"]}}],"collection":[{"href":"https:\/\/isjassessors.com\/ca\/wp-json\/wp\/v2\/pages"}],"about":[{"href":"https:\/\/isjassessors.com\/ca\/wp-json\/wp\/v2\/types\/page"}],"author":[{"embeddable":true,"href":"https:\/\/isjassessors.com\/ca\/wp-json\/wp\/v2\/users\/1"}],"replies":[{"embeddable":true,"href":"https:\/\/isjassessors.com\/ca\/wp-json\/wp\/v2\/comments?post=109"}],"version-history":[{"count":0,"href":"https:\/\/isjassessors.com\/ca\/wp-json\/wp\/v2\/pages\/109\/revisions"}],"wp:attachment":[{"href":"https:\/\/isjassessors.com\/ca\/wp-json\/wp\/v2\/media?parent=109"}],"curies":[{"name":"wp","href":"https:\/\/api.w.org\/{rel}","templated":true}]}}