{"id":214,"date":"2021-07-20T15:40:57","date_gmt":"2021-07-20T15:40:57","guid":{"rendered":"https:\/\/isjassessors.com\/?page_id=214"},"modified":"2022-12-15T09:58:41","modified_gmt":"2022-12-15T09:58:41","slug":"incapacitats","status":"publish","type":"page","link":"https:\/\/isjassessors.com\/ca\/incapacitats","title":{"rendered":"incapacitats"},"content":{"rendered":"<p>[et_pb_section fb_built=&#8221;1&#8243; admin_label=&#8221;Hero&#8221; _builder_version=&#8221;4.16&#8243; background_color=&#8221;#084666&#8243; use_background_color_gradient=&#8221;on&#8221; background_color_gradient_direction=&#8221;170deg&#8221; background_color_gradient_stops=&#8221;#002e4f 1%|rgba(8,70,102,0.8) 100%&#8221; background_color_gradient_overlays_image=&#8221;on&#8221; background_color_gradient_start=&#8221;#002e4f&#8221; background_color_gradient_start_position=&#8221;1%&#8221; background_color_gradient_end=&#8221;rgba(8,70,102,0.8)&#8221; background_image=&#8221;https:\/\/isjassessors.com\/wp-content\/uploads\/2021\/07\/incapacidad-laboral.jpg&#8221; custom_padding=&#8221;11px||4px|||&#8221; global_colors_info=&#8221;{}&#8221;][et_pb_row _builder_version=&#8221;4.16&#8243; background_size=&#8221;initial&#8221; background_position=&#8221;top_left&#8221; background_repeat=&#8221;repeat&#8221; custom_padding=&#8221;27px|0px|27px|0px|false|false&#8221; global_colors_info=&#8221;{}&#8221;][et_pb_column type=&#8221;4_4&#8243; _builder_version=&#8221;4.16&#8243; custom_padding=&#8221;|||&#8221; global_colors_info=&#8221;{}&#8221; custom_padding__hover=&#8221;|||&#8221;][et_pb_text _builder_version=&#8221;4.16&#8243; text_font=&#8221;||||||||&#8221; text_font_size=&#8221;20px&#8221; text_line_height=&#8221;1.8em&#8221; header_font=&#8221;Open Sans|800|||||||&#8221; header_font_size=&#8221;45px&#8221; header_line_height=&#8221;1.3em&#8221; background_size=&#8221;initial&#8221; background_position=&#8221;top_left&#8221; background_repeat=&#8221;repeat&#8221; background_layout=&#8221;dark&#8221; max_width=&#8221;600px&#8221; custom_margin=&#8221;|||&#8221; custom_margin_tablet=&#8221;|100px||&#8221; custom_margin_phone=&#8221;|30px||&#8221; custom_margin_last_edited=&#8221;off|desktop&#8221; header_font_size_tablet=&#8221;50px&#8221; header_font_size_phone=&#8221;40px&#8221; header_font_size_last_edited=&#8221;on|phone&#8221; header_line_height_tablet=&#8221;&#8221; header_line_height_phone=&#8221;&#8221; header_line_height_last_edited=&#8221;on|desktop&#8221; global_colors_info=&#8221;{}&#8221;]<\/p>\n<h1 class=\"page-entry-title\">Advocat incapacitats laborals<\/h1>\n<p>Incapacitat permanent parcial, permanent total, permanent absoluta o permanent Gran Invalidesa. Estudiarem des del punt de vista m\u00e8dic i jur\u00eddic les possibilitats d&#8217;\u00e8xit del seu cas.<\/p>\n<p>[\/et_pb_text][et_pb_button button_url=&#8221;https:\/\/isjassessors.com\/ca\/contacte&#8221; button_text=&#8221;Contacta&#8221; _builder_version=&#8221;4.19.3&#8243; custom_button=&#8221;on&#8221; button_text_size=&#8221;15px&#8221; button_bg_color=&#8221;#000000&#8243; button_border_width=&#8221;0px&#8221; button_border_radius=&#8221;0px&#8221; button_letter_spacing=&#8221;2px&#8221; button_font=&#8221;Open Sans|700||on|||||&#8221; button_use_icon=&#8221;off&#8221; background_layout=&#8221;dark&#8221; custom_margin=&#8221;||||true&#8221; custom_padding=&#8221;16px|32px|16px|32px|true|true&#8221; hover_enabled=&#8221;0&#8243; button_letter_spacing_hover=&#8221;2px&#8221; button_bg_color_hover=&#8221;#00e2c4&#8243; global_colors_info=&#8221;{}&#8221; button_text_size__hover_enabled=&#8221;off&#8221; button_one_text_size__hover_enabled=&#8221;off&#8221; button_two_text_size__hover_enabled=&#8221;off&#8221; button_text_color__hover_enabled=&#8221;off&#8221; button_one_text_color__hover_enabled=&#8221;off&#8221; button_two_text_color__hover_enabled=&#8221;off&#8221; button_border_width__hover_enabled=&#8221;off&#8221; button_one_border_width__hover_enabled=&#8221;off&#8221; button_two_border_width__hover_enabled=&#8221;off&#8221; button_border_color__hover_enabled=&#8221;off&#8221; button_one_border_color__hover_enabled=&#8221;off&#8221; button_two_border_color__hover_enabled=&#8221;off&#8221; button_border_radius__hover_enabled=&#8221;off&#8221; button_one_border_radius__hover_enabled=&#8221;off&#8221; button_two_border_radius__hover_enabled=&#8221;off&#8221; button_letter_spacing__hover_enabled=&#8221;on&#8221; button_letter_spacing__hover=&#8221;2px&#8221; button_one_letter_spacing__hover_enabled=&#8221;off&#8221; button_two_letter_spacing__hover_enabled=&#8221;off&#8221; button_bg_color__hover_enabled=&#8221;on&#8221; button_bg_color__hover=&#8221;#00e2c4&#8243; button_one_bg_color__hover_enabled=&#8221;off&#8221; button_two_bg_color__hover_enabled=&#8221;off&#8221; sticky_enabled=&#8221;0&#8243;][\/et_pb_button][\/et_pb_column][\/et_pb_row][\/et_pb_section][et_pb_section fb_built=&#8221;1&#8243; _builder_version=&#8221;4.16&#8243; _module_preset=&#8221;default&#8221; global_colors_info=&#8221;{}&#8221;][et_pb_row column_structure=&#8221;1_3,1_3,1_3&#8243; _builder_version=&#8221;4.16&#8243; _module_preset=&#8221;default&#8221; max_width=&#8221;100%&#8221; global_colors_info=&#8221;{}&#8221;][et_pb_column type=&#8221;1_3&#8243; _builder_version=&#8221;4.16&#8243; _module_preset=&#8221;default&#8221; global_colors_info=&#8221;{}&#8221;][et_pb_image src=&#8221;https:\/\/isjassessors.com\/wp-content\/uploads\/2021\/07\/incapacidad-laboral-1.jpg&#8221; title_text=&#8221;incapacidad laboral&#8221; force_fullwidth=&#8221;on&#8221; _builder_version=&#8221;4.16&#8243; _module_preset=&#8221;default&#8221; global_colors_info=&#8221;{}&#8221;][\/et_pb_image][\/et_pb_column][et_pb_column type=&#8221;1_3&#8243; _builder_version=&#8221;4.16&#8243; _module_preset=&#8221;default&#8221; global_colors_info=&#8221;{}&#8221;][et_pb_text _builder_version=&#8221;4.16&#8243; text_font=&#8221;||||||||&#8221; text_text_color=&#8221;#0074c5&#8243; text_font_size=&#8221;16px&#8221; text_line_height=&#8221;2em&#8221; header_font=&#8221;||||||||&#8221; header_2_font=&#8221;Montserrat|800|||||||&#8221; header_2_text_color=&#8221;#0074c5&#8243; header_2_font_size=&#8221;30px&#8221; header_2_line_height=&#8221;1.5em&#8221; header_3_font=&#8221;||||||||&#8221; header_4_font=&#8221;||||||||&#8221; max_width=&#8221;520px&#8221; max_width_tablet=&#8221;700px&#8221; max_width_phone=&#8221;700px&#8221; max_width_last_edited=&#8221;off|desktop&#8221; custom_margin=&#8221;||17px|||&#8221; custom_margin_tablet=&#8221;|0px||&#8221; custom_margin_phone=&#8221;|0px||&#8221; custom_margin_last_edited=&#8221;off|desktop&#8221; custom_padding=&#8221;20px|||&#8221; header_2_font_size_tablet=&#8221;30px&#8221; header_2_font_size_phone=&#8221;20px&#8221; header_2_font_size_last_edited=&#8221;on|phone&#8221; border_color_all=&#8221;#0074c5&#8243; border_width_top=&#8221;2px&#8221; locked=&#8221;off&#8221; global_colors_info=&#8221;{}&#8221;]<\/p>\n<h2>Incapacitat laboral<\/h2>\n<p>[\/et_pb_text][et_pb_text _builder_version=&#8221;4.16&#8243; _module_preset=&#8221;default&#8221; background_color=&#8221;#FFFFFF&#8221; global_colors_info=&#8221;{}&#8221;]<\/p>\n<p style=\"text-align: justify;\">Les prestacions per incapacitat les demanen aquelles persones que han patit algun accident a la feina o b\u00e9 en el trajecte de casa a la feina o de la feina a casa, i les que pateixen alguna malaltia que se suposa ha estat originada a causa del seu lloc de treball.<\/p>\n<p style=\"text-align: justify;\">La incapacitat laboral es demana quan al treballador li han quedat seq\u00fceles o ha perdut capacitats f\u00edsiques o funcionals que no li permeten realitzar la mateixa feina que feia abans.<\/p>\n<p style=\"text-align: justify;\">La incapacitat pot ser permanent en els casos m\u00e9s greus i se li sol concedir a les persones que han patit reduccions anat\u00f2miques o funcionals notables i previsiblement definitives.<\/p>\n<p style=\"text-align: justify;\"><strong><\/strong><\/p>\n<p style=\"text-align: justify;\"><strong>ADVOCAT INCAPACITAT LABORAL A MOLINS DE REI<\/strong><br \/><strong><\/strong><\/p>\n<p style=\"text-align: justify;\"><strong><\/strong><\/p>\n<p style=\"text-align: justify;\">Si est\u00e0 interessat a demanar aquesta incapacitat laboral a causa de la seva situaci\u00f3, caldr\u00e0 anar al centre de la Seguretat Social que li correspongui i presentar tots els documents que es requereixin, com aquells que certifiquin que vost\u00e8 no est\u00e0 en condicions per treballar.<\/p>\n<p style=\"text-align: justify;\">Per decidir-ho s&#8217;usen uns criteris determinats i estrictes, ja que \u00e9s una mesura important que repercutir\u00e0 en la resta de la seva vida laboral. Vost\u00e8 haur\u00e0 de presentar tots els documents, com l&#8217;informe m\u00e8dic, i esperar una resposta, els nostres advocats laboralistes l&#8217;orientaran en tot el proc\u00e9s.<\/p>\n<p style=\"text-align: justify;\">La incapacitat laboral permanent pot ser: parcial, total, absoluta o de gran invalidesa.<\/p>\n<p>\u00a0<strong>Incapacitat permanent parcial<\/strong><\/p>\n<p style=\"text-align: justify;\">La incapacitat permanent parcial \u00e9s el grau m\u00e9s baix d&#8217; invalidesa. \u00c9s reconeguda quan el rendiment del treballador que ha patit la lesi\u00f3 o accident baixa en menys del 33% en relaci\u00f3 amb el seu rendiment normal.<\/p>\n<p style=\"text-align: justify;\">\u00c9s important destacar que aquest tipus d&#8217; invalidesa no implica l&#8217; extinci\u00f3 del contracte de treball, \u00e9s a dir, el treballador pot demanar aquesta indemnitzaci\u00f3 i continuar en el seu lloc de treball. Aix\u00ed doncs, la incapacitat permanent parcial \u00e9s compatible amb la continuaci\u00f3 de les funcions laborals.<\/p>\n<p style=\"text-align: justify;\">Per aconseguir aquesta pensi\u00f3 per invalidesa, s&#8217; ha de demostrar que una lesi\u00f3 o malaltia el perjudica laboralment, obligant-lo a realitzar uns esfor\u00e7os majors, per\u00f2 sense arribar a haver d&#8217; abandonar el seu lloc de feina.<\/p>\n<p style=\"text-align: justify;\">La indemnitzaci\u00f3 ser\u00e0 l&#8217; equivalent a la suma de 24 mensualitats de la base reguladora de l&#8217; empleat i aquesta es pagar\u00e0 mitjan\u00e7ant un \u00fanic pagament.<\/p>\n<p>[\/et_pb_text][\/et_pb_column][et_pb_column type=&#8221;1_3&#8243; _builder_version=&#8221;4.16&#8243; _module_preset=&#8221;default&#8221; background_color=&#8221;#0074c5&#8243; global_colors_info=&#8221;{}&#8221;][dsm_contact_form_7 cf7_library=&#8221;1133&#8243; show_validation=&#8221;on&#8221; label_bottom_spacing=&#8221;0px&#8221; button_alignment=&#8221;left&#8221; input_background_color=&#8221;RGBA(0,0,0,0)&#8221; file_padding=&#8221;||||false|false&#8221; file_background_color=&#8221;#FFFFFF&#8221; validation_error_background_color=&#8221;#FFFFFF&#8221; validation_success_background_color=&#8221;#FFFFFF&#8221; disabled_on=&#8221;off|off|off&#8221; _builder_version=&#8221;4.19.3&#8243; _module_preset=&#8221;default&#8221; labels_text_color=&#8221;#FFFFFF&#8221; input_textarea_select_text_color=&#8221;#FFFFFF&#8221; input_textarea_select_line_height=&#8221;1.1em&#8221; placeholder_text_color=&#8221;#FFFFFF&#8221; placeholder_line_height=&#8221;1.1em&#8221; radio_checkbox_text_color=&#8221;#FFFFFF&#8221; radio_checkbox_line_height=&#8221;1.1em&#8221; error_msg_text_color=&#8221;#EDF000&#8243; error_msg_line_height=&#8221;1.4em&#8221; error_validation_line_height=&#8221;1.2em&#8221; success_validation_line_height=&#8221;1.1em&#8221; background_color=&#8221;RGBA(0,0,0,0)&#8221; custom_button_one=&#8221;on&#8221; button_one_text_size=&#8221;17px&#8221; button_one_text_color=&#8221;#FFFFFF&#8221; button_one_bg_color=&#8221;RGBA(0,0,0,0)&#8221; button_one_border_width=&#8221;1px&#8221; button_one_border_radius=&#8221;10px&#8221; button_one_icon_color=&#8221;#FFFFFF&#8221; button_one_custom_margin=&#8221;15px|||5%|false|false&#8221; custom_margin=&#8221;5%|5%|10%|5%|false|false&#8221; custom_padding=&#8221;||45px||false|false&#8221; hover_enabled=&#8221;0&#8243; border_radii_image=&#8221;on|8px|8px|8px|8px&#8221; border_width_all_image=&#8221;1px&#8221; border_color_all_image=&#8221;rgba(255,255,255,0.48)&#8221; border_color_all_error_validation=&#8221;#FFFFFF&#8221; border_width_all_validation_success=&#8221;0px&#8221; border_color_all_validation_success=&#8221;#000000&#8243; global_colors_info=&#8221;{}&#8221; sticky_enabled=&#8221;0&#8243;][\/dsm_contact_form_7][\/et_pb_column][\/et_pb_row][\/et_pb_section]<\/p>\n","protected":false},"excerpt":{"rendered":"<p>Advocat incapacitats laborals Incapacitat permanent parcial, permanent total, permanent absoluta o permanent Gran Invalidesa. Estudiarem des del punt de vista m\u00e8dic i jur\u00eddic les possibilitats d&#8217;\u00e8xit del seu cas.Incapacitat laboralLes prestacions per incapacitat les demanen aquelles persones que han patit algun accident a la feina o b\u00e9 en el trajecte de casa a la feina [&hellip;]<\/p>\n","protected":false},"author":1,"featured_media":0,"parent":0,"menu_order":0,"comment_status":"closed","ping_status":"closed","template":"","meta":{"_et_pb_use_builder":"on","_et_pb_old_content":"","_et_gb_content_width":"","footnotes":""},"class_list":["post-214","page","type-page","status-publish","hentry"],"_links":{"self":[{"href":"https:\/\/isjassessors.com\/ca\/wp-json\/wp\/v2\/pages\/214","targetHints":{"allow":["GET"]}}],"collection":[{"href":"https:\/\/isjassessors.com\/ca\/wp-json\/wp\/v2\/pages"}],"about":[{"href":"https:\/\/isjassessors.com\/ca\/wp-json\/wp\/v2\/types\/page"}],"author":[{"embeddable":true,"href":"https:\/\/isjassessors.com\/ca\/wp-json\/wp\/v2\/users\/1"}],"replies":[{"embeddable":true,"href":"https:\/\/isjassessors.com\/ca\/wp-json\/wp\/v2\/comments?post=214"}],"version-history":[{"count":0,"href":"https:\/\/isjassessors.com\/ca\/wp-json\/wp\/v2\/pages\/214\/revisions"}],"wp:attachment":[{"href":"https:\/\/isjassessors.com\/ca\/wp-json\/wp\/v2\/media?parent=214"}],"curies":[{"name":"wp","href":"https:\/\/api.w.org\/{rel}","templated":true}]}}