{"id":294,"date":"2021-07-22T07:25:44","date_gmt":"2021-07-22T07:25:44","guid":{"rendered":"https:\/\/isjassessors.com\/?page_id=294"},"modified":"2022-12-15T10:02:29","modified_gmt":"2022-12-15T10:02:29","slug":"accidents-de-treball","status":"publish","type":"page","link":"https:\/\/isjassessors.com\/ca\/accidents-de-treball","title":{"rendered":"accidents de treball"},"content":{"rendered":"<p>[et_pb_section fb_built=&#8221;1&#8243; admin_label=&#8221;Hero&#8221; _builder_version=&#8221;4.16&#8243; background_color=&#8221;#084666&#8243; use_background_color_gradient=&#8221;on&#8221; background_color_gradient_direction=&#8221;170deg&#8221; background_color_gradient_stops=&#8221;#002e4f 1%|rgba(8,70,102,0.8) 100%&#8221; background_color_gradient_overlays_image=&#8221;on&#8221; background_color_gradient_start=&#8221;#002e4f&#8221; background_color_gradient_start_position=&#8221;1%&#8221; background_color_gradient_end=&#8221;rgba(8,70,102,0.8)&#8221; background_image=&#8221;https:\/\/isjassessors.com\/wp-content\/uploads\/2021\/07\/incapacidad-laboral.jpg&#8221; custom_padding=&#8221;11px||4px|||&#8221; global_colors_info=&#8221;{}&#8221;][et_pb_row _builder_version=&#8221;4.16&#8243; background_size=&#8221;initial&#8221; background_position=&#8221;top_left&#8221; background_repeat=&#8221;repeat&#8221; custom_padding=&#8221;27px|0px|27px|0px|false|false&#8221; global_colors_info=&#8221;{}&#8221;][et_pb_column type=&#8221;4_4&#8243; _builder_version=&#8221;4.16&#8243; custom_padding=&#8221;|||&#8221; global_colors_info=&#8221;{}&#8221; custom_padding__hover=&#8221;|||&#8221;][et_pb_text _builder_version=&#8221;4.17.3&#8243; text_font=&#8221;||||||||&#8221; text_font_size=&#8221;20px&#8221; text_line_height=&#8221;1.8em&#8221; header_font=&#8221;Open Sans|800|||||||&#8221; header_font_size=&#8221;45px&#8221; header_line_height=&#8221;1.3em&#8221; background_size=&#8221;initial&#8221; background_position=&#8221;top_left&#8221; background_repeat=&#8221;repeat&#8221; background_layout=&#8221;dark&#8221; max_width=&#8221;600px&#8221; custom_margin=&#8221;|||&#8221; custom_margin_tablet=&#8221;|100px||&#8221; custom_margin_phone=&#8221;|30px||&#8221; custom_margin_last_edited=&#8221;off|desktop&#8221; header_font_size_tablet=&#8221;50px&#8221; header_font_size_phone=&#8221;40px&#8221; header_font_size_last_edited=&#8221;on|phone&#8221; header_line_height_tablet=&#8221;&#8221; header_line_height_phone=&#8221;&#8221; header_line_height_last_edited=&#8221;on|desktop&#8221; global_colors_info=&#8221;{}&#8221;]<\/p>\n<h1 class=\"page-entry-title\">Advocat accidents de treball<\/h1>\n<p style=\"text-align: left;\">Advocat<span> expert en a<\/span>ccidents laborals<span>. Obtindr\u00e0s la major indemnitzaci\u00f3 possible.<\/span><\/p>\n<p>[\/et_pb_text][et_pb_button button_url=&#8221;https:\/\/isjassessors.com\/ca\/contacte&#8221; button_text=&#8221;Contacta&#8221; _builder_version=&#8221;4.19.3&#8243; custom_button=&#8221;on&#8221; button_text_size=&#8221;15px&#8221; button_bg_color=&#8221;#000000&#8243; button_border_width=&#8221;0px&#8221; button_border_radius=&#8221;0px&#8221; button_letter_spacing=&#8221;2px&#8221; button_font=&#8221;Open Sans|700||on|||||&#8221; button_use_icon=&#8221;off&#8221; background_layout=&#8221;dark&#8221; custom_margin=&#8221;||||true&#8221; custom_padding=&#8221;16px|32px|16px|32px|true|true&#8221; hover_enabled=&#8221;0&#8243; button_letter_spacing_hover=&#8221;2px&#8221; button_bg_color_hover=&#8221;#00e2c4&#8243; global_colors_info=&#8221;{}&#8221; button_text_size__hover_enabled=&#8221;off&#8221; button_one_text_size__hover_enabled=&#8221;off&#8221; button_two_text_size__hover_enabled=&#8221;off&#8221; button_text_color__hover_enabled=&#8221;off&#8221; button_one_text_color__hover_enabled=&#8221;off&#8221; button_two_text_color__hover_enabled=&#8221;off&#8221; button_border_width__hover_enabled=&#8221;off&#8221; button_one_border_width__hover_enabled=&#8221;off&#8221; button_two_border_width__hover_enabled=&#8221;off&#8221; button_border_color__hover_enabled=&#8221;off&#8221; button_one_border_color__hover_enabled=&#8221;off&#8221; button_two_border_color__hover_enabled=&#8221;off&#8221; button_border_radius__hover_enabled=&#8221;off&#8221; button_one_border_radius__hover_enabled=&#8221;off&#8221; button_two_border_radius__hover_enabled=&#8221;off&#8221; button_letter_spacing__hover_enabled=&#8221;on&#8221; button_letter_spacing__hover=&#8221;2px&#8221; button_one_letter_spacing__hover_enabled=&#8221;off&#8221; button_two_letter_spacing__hover_enabled=&#8221;off&#8221; button_bg_color__hover_enabled=&#8221;on&#8221; button_bg_color__hover=&#8221;#00e2c4&#8243; button_one_bg_color__hover_enabled=&#8221;off&#8221; button_two_bg_color__hover_enabled=&#8221;off&#8221; sticky_enabled=&#8221;0&#8243;][\/et_pb_button][\/et_pb_column][\/et_pb_row][\/et_pb_section][et_pb_section fb_built=&#8221;1&#8243; _builder_version=&#8221;4.16&#8243; _module_preset=&#8221;default&#8221; global_colors_info=&#8221;{}&#8221;][et_pb_row column_structure=&#8221;1_3,1_3,1_3&#8243; _builder_version=&#8221;4.16&#8243; _module_preset=&#8221;default&#8221; max_width=&#8221;100%&#8221; global_colors_info=&#8221;{}&#8221;][et_pb_column type=&#8221;1_3&#8243; _builder_version=&#8221;4.16&#8243; _module_preset=&#8221;default&#8221; global_colors_info=&#8221;{}&#8221;][et_pb_image src=&#8221;https:\/\/isjassessors.com\/wp-content\/uploads\/2021\/07\/accidente-laboral.jpg&#8221; title_text=&#8221;Accidente laboral&#8221; force_fullwidth=&#8221;on&#8221; _builder_version=&#8221;4.16&#8243; _module_preset=&#8221;default&#8221; global_colors_info=&#8221;{}&#8221;][\/et_pb_image][\/et_pb_column][et_pb_column type=&#8221;1_3&#8243; _builder_version=&#8221;4.16&#8243; _module_preset=&#8221;default&#8221; global_colors_info=&#8221;{}&#8221;][et_pb_text _builder_version=&#8221;4.19.3&#8243; text_font=&#8221;||||||||&#8221; text_text_color=&#8221;#0074c5&#8243; text_font_size=&#8221;16px&#8221; text_line_height=&#8221;2em&#8221; header_font=&#8221;||||||||&#8221; header_2_font=&#8221;Montserrat|800|||||||&#8221; header_2_text_color=&#8221;#0074c5&#8243; header_2_font_size=&#8221;30px&#8221; header_2_line_height=&#8221;1.5em&#8221; header_3_font=&#8221;||||||||&#8221; header_4_font=&#8221;||||||||&#8221; max_width=&#8221;520px&#8221; max_width_tablet=&#8221;700px&#8221; max_width_phone=&#8221;700px&#8221; max_width_last_edited=&#8221;off|desktop&#8221; custom_margin=&#8221;||17px|||&#8221; custom_margin_tablet=&#8221;|0px||&#8221; custom_margin_phone=&#8221;|0px||&#8221; custom_margin_last_edited=&#8221;off|desktop&#8221; custom_padding=&#8221;20px|||&#8221; hover_enabled=&#8221;0&#8243; header_2_font_size_tablet=&#8221;30px&#8221; header_2_font_size_phone=&#8221;20px&#8221; header_2_font_size_last_edited=&#8221;on|phone&#8221; border_color_all=&#8221;#0074c5&#8243; border_width_top=&#8221;2px&#8221; locked=&#8221;off&#8221; global_colors_info=&#8221;{}&#8221; sticky_enabled=&#8221;0&#8243;]<\/p>\n<h2 style=\"text-align: left;\">Accident laboral<\/h2>\n<p>[\/et_pb_text][et_pb_text _builder_version=&#8221;4.16&#8243; _module_preset=&#8221;default&#8221; background_color=&#8221;#FFFFFF&#8221; custom_margin=&#8221;||10px|||&#8221; custom_padding=&#8221;||0px|||&#8221; global_colors_info=&#8221;{}&#8221;]<\/p>\n<p style=\"text-align: justify;\">A ISJ Assessors estem especialitzats en la reclamaci\u00f3 d&#8217; indemnitzacions i reconeixements d&#8217;invalideses per accidents de treball.<\/p>\n<p style=\"text-align: justify;\">Comptem amb un equip d&#8217;advocats laboralistes i graduats socials amb m\u00e9s de 35 anys d&#8217;experi\u00e8ncia i un alt porcentatge d&#8217;\u00e8xits que t&#8217;assessoraran en el llarg i complex proc\u00e9s de tramitaci\u00f3 de la teva indemnitzaci\u00f3 o pensi\u00f3 per invalidesa per aconseguir la m\u00e0xima compensaci\u00f3 possible en el teu cas.<\/p>\n<p>[\/et_pb_text][et_pb_text admin_label=&#8221;Texto&#8221; _builder_version=&#8221;4.19.3&#8243; text_font=&#8221;||||||||&#8221; text_text_color=&#8221;#0074c5&#8243; text_font_size=&#8221;16px&#8221; text_line_height=&#8221;2em&#8221; header_font=&#8221;||||||||&#8221; header_2_font=&#8221;Montserrat|800|||||||&#8221; header_2_text_color=&#8221;#0074c5&#8243; header_2_font_size=&#8221;30px&#8221; header_2_line_height=&#8221;1.5em&#8221; header_3_font=&#8221;||||||||&#8221; header_4_font=&#8221;||||||||&#8221; max_width=&#8221;520px&#8221; max_width_tablet=&#8221;700px&#8221; max_width_phone=&#8221;700px&#8221; max_width_last_edited=&#8221;off|desktop&#8221; custom_margin=&#8221;30px||17px|||&#8221; custom_margin_tablet=&#8221;|0px||&#8221; custom_margin_phone=&#8221;|0px||&#8221; custom_margin_last_edited=&#8221;off|desktop&#8221; custom_padding=&#8221;20px|||&#8221; hover_enabled=&#8221;0&#8243; header_2_font_size_tablet=&#8221;30px&#8221; header_2_font_size_phone=&#8221;20px&#8221; header_2_font_size_last_edited=&#8221;on|phone&#8221; border_color_all=&#8221;#0074c5&#8243; border_width_top=&#8221;2px&#8221; locked=&#8221;off&#8221; global_colors_info=&#8221;{}&#8221; sticky_enabled=&#8221;0&#8243;]<\/p>\n<h2 style=\"text-align: left;\">Si ha patit un accident laboral amb lesions. Reclami la seva indemnitzaci\u00f3.<\/h2>\n<p>[\/et_pb_text][et_pb_text _builder_version=&#8221;4.17.3&#8243; _module_preset=&#8221;default&#8221; background_color=&#8221;#FFFFFF&#8221; global_colors_info=&#8221;{}&#8221;]<\/p>\n<p style=\"text-align: justify;\">La legislaci\u00f3 espanyola reconeix el dret de les v\u00edctimes d&#8217; accidents de treball a percebre diversos tipus de compensaci\u00f3:<\/p>\n<p style=\"text-align: justify;\">\u00a01r Una prestaci\u00f3 econ\u00f2mica de tipus p\u00fablic, l&#8217;import de la qual es determinar\u00e0 sobre la base dels anys que hagi cotitzat el treballador a la Seguretat Social, de la cotitzaci\u00f3 mitjana realitzada en un per\u00edode determinat i de la gravetat de l&#8217;accident (articles 100 i ss. LGSS) en un dels sup\u00f2sits seg\u00fcents:<\/p>\n<ul style=\"text-align: justify;\">\n<li>\u00a0Incapacitat Laboral Transit\u00f2ria: tamb\u00e9 denominada incapacitat temporal equival a un subsidi del 75% del salari declarat, que li pagar\u00e0 l&#8217; empresa. En cas de finalitzaci\u00f3 del seu contracte, el treballador percebr\u00e0 el subsidi directament de la M\u00fatua.<\/li>\n<li>Incapacitat laboral permanent: qualsevol que sigui la seva causa, es qualificar\u00e0 d&#8217; acord amb els seg\u00fcents graus: parcial, total, absoluta i gran invalidesa.<\/li>\n<li>Lesions permanents no invalidants: pagament \u00fanic d&#8217; acord amb el barem legal vigent.<\/li>\n<\/ul>\n<p style=\"text-align: justify;\">2n El rec\u00e0rrec de les prestacions a qu\u00e8 es refereix l&#8217; art. 123 LGSS. Si s&#8217; acredita que l&#8217; empresari va incomplir normes de seguretat i higiene en el treball estar\u00e0 obligat a pagar un increment de les prestacions en favor del treballador. L&#8217; increment-rec\u00e0rrec ser\u00e0 d&#8217; un 30 a un 50% a c\u00e0rrec de l&#8217; empresari.<\/p>\n<p style=\"text-align: justify;\">\u00a03r Les &#8220;millores volunt\u00e0ries&#8221; acordades en el contracte de treball o conveni col\u00b7lectiu del sector\/activitat en qu\u00e8 la v\u00edctima de l&#8217;accident prestava els seus serveis.<\/p>\n<p style=\"text-align: justify;\">\u00a04t Les indemnitzacions que es decideixin amb base en els arts. 1902 i ss. Cc. i 109 i ss. CP si, a m\u00e9s de la responsabilitat laboral, s&#8217; exigeixen de l&#8217; empresari responsabilitats civils.<\/p>\n<p style=\"text-align: justify;\">\u00a0Per aconseguir la m\u00e0xima compensaci\u00f3 si has patit un accident laboral amb lesions, et recomanem que acudeixis a un despatx d&#8217;advocats d&#8217;accidents de treball com ISJ Assessors, els advocats laboralistes del qual t&#8217;assessoraran en tots els passos necessaris d&#8217;aquest complex i llarg proc\u00e9s.<\/p>\n<p style=\"text-align: justify;\"><strong>Recorda:<\/strong><\/p>\n<p style=\"text-align: justify;\">Abans d&#8217; acceptar la indemnitzaci\u00f3 per accident que t&#8217; ofereixin les companyies d&#8217; assegurances o la part contr\u00e0ria.<\/p>\n<ul style=\"text-align: justify;\">\n<li>\u00a0No signis cap document.<\/li>\n<li>Consulta amb un advocat, ja que en moltes ocasions la quantitat oferta \u00e9s menor de la que podem obtenir.<\/li>\n<\/ul>\n<p style=\"text-align: justify;\"><strong>ENS OCUPEM DE LA TRAMITACI\u00d3 DE LA TEVA INCAPACITAT LABORAL<\/strong><\/p>\n<p style=\"text-align: justify;\">\u00a0ISJ Assessors t\u00e9 una llarga experi\u00e8ncia en la tramitaci\u00f3 davant la Seguretat Social o les M\u00fatues de la baixa per incapacitat laboral o de la invalidesa permanent parcial, total o absoluta derivades d&#8217; un accident de treball o malaltia.<\/p>\n<p style=\"text-align: justify;\">\u00a0Els nostres experts s&#8217;ocupen d&#8217;avaluar el grau d&#8217;invalidesa, incapacitat, minusvalidesa o depend\u00e8ncia i de preparar tota la documentaci\u00f3 precisa per tramitar la incapacitat corresponent.<\/p>\n<p style=\"text-align: justify;\">\u00a0Disposem dels assessors necessaris per valorar tots els aspectes de l&#8217; accident de treball i les seves conseq\u00fc\u00e8ncies: perits m\u00e8dics, t\u00e8cnics en prevenci\u00f3 de riscos laborals, expert en el c\u00e0lcul de perjudicis econ\u00f2mics i indemnitzaci\u00f3 per accident de treball&#8230;<\/p>\n<p>[\/et_pb_text][\/et_pb_column][et_pb_column type=&#8221;1_3&#8243; _builder_version=&#8221;4.16&#8243; _module_preset=&#8221;default&#8221; background_color=&#8221;#0074c5&#8243; global_colors_info=&#8221;{}&#8221;][dsm_contact_form_7 cf7_library=&#8221;1133&#8243; show_validation=&#8221;on&#8221; label_bottom_spacing=&#8221;0px&#8221; button_alignment=&#8221;left&#8221; input_background_color=&#8221;RGBA(0,0,0,0)&#8221; file_padding=&#8221;||||false|false&#8221; file_background_color=&#8221;#FFFFFF&#8221; validation_error_background_color=&#8221;#FFFFFF&#8221; validation_success_background_color=&#8221;#FFFFFF&#8221; disabled_on=&#8221;off|off|off&#8221; _builder_version=&#8221;4.19.3&#8243; _module_preset=&#8221;default&#8221; labels_text_color=&#8221;#FFFFFF&#8221; input_textarea_select_text_color=&#8221;#FFFFFF&#8221; input_textarea_select_line_height=&#8221;1.1em&#8221; placeholder_text_color=&#8221;#FFFFFF&#8221; placeholder_line_height=&#8221;1.1em&#8221; radio_checkbox_text_color=&#8221;#FFFFFF&#8221; radio_checkbox_line_height=&#8221;1.1em&#8221; error_msg_text_color=&#8221;#EDF000&#8243; error_msg_line_height=&#8221;1.4em&#8221; error_validation_line_height=&#8221;1.2em&#8221; success_validation_line_height=&#8221;1.1em&#8221; background_color=&#8221;RGBA(0,0,0,0)&#8221; custom_button_one=&#8221;on&#8221; button_one_text_size=&#8221;17px&#8221; button_one_text_color=&#8221;#FFFFFF&#8221; button_one_bg_color=&#8221;RGBA(0,0,0,0)&#8221; button_one_border_width=&#8221;1px&#8221; button_one_border_radius=&#8221;10px&#8221; button_one_icon_color=&#8221;#FFFFFF&#8221; button_one_custom_margin=&#8221;15px|||5%|false|false&#8221; custom_margin=&#8221;5%|5%|10%|5%|false|false&#8221; custom_padding=&#8221;||45px||false|false&#8221; hover_enabled=&#8221;0&#8243; border_radii_image=&#8221;on|8px|8px|8px|8px&#8221; border_width_all_image=&#8221;1px&#8221; border_color_all_image=&#8221;rgba(255,255,255,0.48)&#8221; border_color_all_error_validation=&#8221;#FFFFFF&#8221; border_width_all_validation_success=&#8221;0px&#8221; border_color_all_validation_success=&#8221;#000000&#8243; global_colors_info=&#8221;{}&#8221; sticky_enabled=&#8221;0&#8243;][\/dsm_contact_form_7][\/et_pb_column][\/et_pb_row][\/et_pb_section]<\/p>\n","protected":false},"excerpt":{"rendered":"<p>Advocat accidents de treball Advocat expert en accidents laborals. Obtindr\u00e0s la major indemnitzaci\u00f3 possible.Accident laboralA ISJ Assessors estem especialitzats en la reclamaci\u00f3 d&#8217; indemnitzacions i reconeixements d&#8217;invalideses per accidents de treball. Comptem amb un equip d&#8217;advocats laboralistes i graduats socials amb m\u00e9s de 35 anys d&#8217;experi\u00e8ncia i un alt porcentatge d&#8217;\u00e8xits que t&#8217;assessoraran en el [&hellip;]<\/p>\n","protected":false},"author":1,"featured_media":0,"parent":0,"menu_order":0,"comment_status":"closed","ping_status":"closed","template":"","meta":{"_et_pb_use_builder":"on","_et_pb_old_content":"","_et_gb_content_width":"","footnotes":""},"class_list":["post-294","page","type-page","status-publish","hentry"],"_links":{"self":[{"href":"https:\/\/isjassessors.com\/ca\/wp-json\/wp\/v2\/pages\/294","targetHints":{"allow":["GET"]}}],"collection":[{"href":"https:\/\/isjassessors.com\/ca\/wp-json\/wp\/v2\/pages"}],"about":[{"href":"https:\/\/isjassessors.com\/ca\/wp-json\/wp\/v2\/types\/page"}],"author":[{"embeddable":true,"href":"https:\/\/isjassessors.com\/ca\/wp-json\/wp\/v2\/users\/1"}],"replies":[{"embeddable":true,"href":"https:\/\/isjassessors.com\/ca\/wp-json\/wp\/v2\/comments?post=294"}],"version-history":[{"count":0,"href":"https:\/\/isjassessors.com\/ca\/wp-json\/wp\/v2\/pages\/294\/revisions"}],"wp:attachment":[{"href":"https:\/\/isjassessors.com\/ca\/wp-json\/wp\/v2\/media?parent=294"}],"curies":[{"name":"wp","href":"https:\/\/api.w.org\/{rel}","templated":true}]}}