{"id":348,"date":"2021-07-23T06:48:55","date_gmt":"2021-07-23T06:48:55","guid":{"rendered":"https:\/\/isjassessors.com\/?page_id=348"},"modified":"2022-12-15T13:00:27","modified_gmt":"2022-12-15T13:00:27","slug":"reagrupacio-familiar","status":"publish","type":"page","link":"https:\/\/isjassessors.com\/ca\/reagrupacio-familiar","title":{"rendered":"reagrupaci\u00f3 familiar"},"content":{"rendered":"<p>[et_pb_section fb_built=&#8221;1&#8243; admin_label=&#8221;Hero&#8221; _builder_version=&#8221;4.16&#8243; background_color=&#8221;#084666&#8243; use_background_color_gradient=&#8221;on&#8221; background_color_gradient_direction=&#8221;170deg&#8221; background_color_gradient_stops=&#8221;#002e4f 1%|rgba(8,70,102,0.8) 100%&#8221; background_color_gradient_overlays_image=&#8221;on&#8221; background_color_gradient_start=&#8221;#002e4f&#8221; background_color_gradient_start_position=&#8221;1%&#8221; background_color_gradient_end=&#8221;rgba(8,70,102,0.8)&#8221; background_image=&#8221;https:\/\/isjassessors.com\/wp-content\/uploads\/2021\/07\/reagrupacion-familiar2.jpg&#8221; custom_padding=&#8221;11px||4px|||&#8221; global_colors_info=&#8221;{}&#8221;][et_pb_row _builder_version=&#8221;4.16&#8243; background_size=&#8221;initial&#8221; background_position=&#8221;top_left&#8221; background_repeat=&#8221;repeat&#8221; custom_padding=&#8221;27px|0px|27px|0px|false|false&#8221; global_colors_info=&#8221;{}&#8221;][et_pb_column type=&#8221;4_4&#8243; _builder_version=&#8221;4.16&#8243; custom_padding=&#8221;|||&#8221; global_colors_info=&#8221;{}&#8221; custom_padding__hover=&#8221;|||&#8221;][et_pb_text _builder_version=&#8221;4.19.1&#8243; text_font=&#8221;||||||||&#8221; text_font_size=&#8221;20px&#8221; text_line_height=&#8221;1.8em&#8221; header_font=&#8221;Open Sans|800|||||||&#8221; header_font_size=&#8221;45px&#8221; header_line_height=&#8221;1.3em&#8221; background_size=&#8221;initial&#8221; background_position=&#8221;top_left&#8221; background_repeat=&#8221;repeat&#8221; background_layout=&#8221;dark&#8221; max_width=&#8221;600px&#8221; custom_margin=&#8221;|||&#8221; custom_margin_tablet=&#8221;|100px||&#8221; custom_margin_phone=&#8221;|30px||&#8221; custom_margin_last_edited=&#8221;off|desktop&#8221; header_font_size_tablet=&#8221;50px&#8221; header_font_size_phone=&#8221;40px&#8221; header_font_size_last_edited=&#8221;on|phone&#8221; header_line_height_tablet=&#8221;&#8221; header_line_height_phone=&#8221;&#8221; header_line_height_last_edited=&#8221;on|desktop&#8221; global_colors_info=&#8221;{}&#8221;]<\/p>\n<h1 class=\"page-entry-title\">Advocat reagrupament familiar<\/h1>\n<p style=\"text-align: justify;\">Si desitges consultar m\u00e9s informaci\u00f3 sobre la re agrupaci\u00f3 familiar o que et resolguem algun dubte, contacta amb ISJ Assessors i ens posarem a la teva disposici\u00f3 per atendre&#8217;t.<\/p>\n<p>[\/et_pb_text][et_pb_button button_url=&#8221;https:\/\/isjassessors.com\/ca\/contacte&#8221; button_text=&#8221;contacta&#8221; _builder_version=&#8221;4.19.3&#8243; custom_button=&#8221;on&#8221; button_text_size=&#8221;15px&#8221; button_bg_color=&#8221;#000000&#8243; button_border_width=&#8221;0px&#8221; button_border_radius=&#8221;0px&#8221; button_letter_spacing=&#8221;2px&#8221; button_font=&#8221;Open Sans|700||on|||||&#8221; button_use_icon=&#8221;off&#8221; background_layout=&#8221;dark&#8221; custom_margin=&#8221;||||true&#8221; custom_padding=&#8221;16px|32px|16px|32px|true|true&#8221; hover_enabled=&#8221;0&#8243; button_letter_spacing_hover=&#8221;2px&#8221; button_bg_color_hover=&#8221;#00e2c4&#8243; global_colors_info=&#8221;{}&#8221; button_text_size__hover_enabled=&#8221;off&#8221; button_one_text_size__hover_enabled=&#8221;off&#8221; button_two_text_size__hover_enabled=&#8221;off&#8221; button_text_color__hover_enabled=&#8221;off&#8221; button_one_text_color__hover_enabled=&#8221;off&#8221; button_two_text_color__hover_enabled=&#8221;off&#8221; button_border_width__hover_enabled=&#8221;off&#8221; button_one_border_width__hover_enabled=&#8221;off&#8221; button_two_border_width__hover_enabled=&#8221;off&#8221; button_border_color__hover_enabled=&#8221;off&#8221; button_one_border_color__hover_enabled=&#8221;off&#8221; button_two_border_color__hover_enabled=&#8221;off&#8221; button_border_radius__hover_enabled=&#8221;off&#8221; button_one_border_radius__hover_enabled=&#8221;off&#8221; button_two_border_radius__hover_enabled=&#8221;off&#8221; button_letter_spacing__hover_enabled=&#8221;on&#8221; button_letter_spacing__hover=&#8221;2px&#8221; button_one_letter_spacing__hover_enabled=&#8221;off&#8221; button_two_letter_spacing__hover_enabled=&#8221;off&#8221; button_bg_color__hover_enabled=&#8221;on&#8221; button_bg_color__hover=&#8221;#00e2c4&#8243; button_one_bg_color__hover_enabled=&#8221;off&#8221; button_two_bg_color__hover_enabled=&#8221;off&#8221; sticky_enabled=&#8221;0&#8243;][\/et_pb_button][\/et_pb_column][\/et_pb_row][\/et_pb_section][et_pb_section fb_built=&#8221;1&#8243; _builder_version=&#8221;4.16&#8243; _module_preset=&#8221;default&#8221; global_colors_info=&#8221;{}&#8221;][et_pb_row column_structure=&#8221;1_3,1_3,1_3&#8243; _builder_version=&#8221;4.16&#8243; _module_preset=&#8221;default&#8221; max_width=&#8221;100%&#8221; global_colors_info=&#8221;{}&#8221;][et_pb_column type=&#8221;1_3&#8243; _builder_version=&#8221;4.16&#8243; _module_preset=&#8221;default&#8221; global_colors_info=&#8221;{}&#8221;][et_pb_image src=&#8221;https:\/\/isjassessors.com\/wp-content\/uploads\/2021\/07\/reagrupacion-familiar.jpg&#8221; title_text=&#8221;reagrupacion-familiar&#8221; force_fullwidth=&#8221;on&#8221; _builder_version=&#8221;4.16&#8243; _module_preset=&#8221;default&#8221; global_colors_info=&#8221;{}&#8221;][\/et_pb_image][\/et_pb_column][et_pb_column type=&#8221;1_3&#8243; _builder_version=&#8221;4.16&#8243; _module_preset=&#8221;default&#8221; global_colors_info=&#8221;{}&#8221;][et_pb_text _builder_version=&#8221;4.19.1&#8243; text_font=&#8221;||||||||&#8221; text_text_color=&#8221;#0074c5&#8243; text_font_size=&#8221;16px&#8221; text_line_height=&#8221;2em&#8221; header_font=&#8221;||||||||&#8221; header_2_font=&#8221;Montserrat|800|||||||&#8221; header_2_text_color=&#8221;#0074c5&#8243; header_2_font_size=&#8221;30px&#8221; header_2_line_height=&#8221;1.5em&#8221; header_3_font=&#8221;||||||||&#8221; header_4_font=&#8221;||||||||&#8221; max_width=&#8221;520px&#8221; max_width_tablet=&#8221;700px&#8221; max_width_phone=&#8221;700px&#8221; max_width_last_edited=&#8221;off|desktop&#8221; custom_margin=&#8221;||17px|||&#8221; custom_margin_tablet=&#8221;|0px||&#8221; custom_margin_phone=&#8221;|0px||&#8221; custom_margin_last_edited=&#8221;off|desktop&#8221; custom_padding=&#8221;20px|||&#8221; header_2_font_size_tablet=&#8221;30px&#8221; header_2_font_size_phone=&#8221;20px&#8221; header_2_font_size_last_edited=&#8221;on|phone&#8221; border_color_all=&#8221;#0074c5&#8243; border_width_top=&#8221;2px&#8221; locked=&#8221;off&#8221; global_colors_info=&#8221;{}&#8221;]<\/p>\n<h2>Reagrupament familiar<\/h2>\n<p>[\/et_pb_text][et_pb_text _builder_version=&#8221;4.19.1&#8243; _module_preset=&#8221;default&#8221; background_color=&#8221;#FFFFFF&#8221; global_colors_info=&#8221;{}&#8221;]<\/p>\n<p style=\"text-align: justify;\">La re agrupaci\u00f3 Familiar \u00e9s un dret que assisteix a aquells estrangers que es troben residint legalment al nostre pa\u00eds i que comporta la possibilitat de portar el nostre pa\u00eds als seus parents m\u00e9s directes com s\u00f3n:<\/p>\n<ul style=\"text-align: justify;\">\n<li>El <strong>c\u00f2njuge<\/strong>: en aquests casos cal que ambd\u00f3s no es trobin separats de fet o judicialment i que el matrimoni no s&#8217; hagi celebrat en frau de llei.<\/li>\n<li>Els <strong>fills<\/strong> del resident i del c\u00f2njuge, inclosos els adoptats, sempre que siguin menors de 18 anys o estiguin incapacitats, i no es trobin casats. Si s\u00f3n fills d&#8217; un sol dels c\u00f2njuges, cal que aquest tingui la p\u00e0tria potestat en exclusiva o que se li hagi atorgat la gu\u00e0rdia i cust\u00f2dia i estiguin efectivament al seu c\u00e0rrec. Si es tracta de fills adoptius s&#8217; ha d&#8217; acreditar que la resoluci\u00f3 en la qual s&#8217; acorda \u00e9s v\u00e0lida a Espanya.<\/li>\n<li>Els <strong>menors<\/strong> de 18 anys o <strong>incapa\u00e7os<\/strong> si l&#8217; estranger n&#8217; \u00e9s el representant legal.<\/li>\n<li>Els <strong>ascendents<\/strong> (pare i mare) del reagrupant o el seu c\u00f2njuge si estan al seu c\u00e0rrec i existeixen raons que justifiquen la necessitat d&#8217;autoritzar la seva resid\u00e8ncia a Espanya.<\/li>\n<\/ul>\n<p style=\"text-align: justify;\">Per exercir aquest dret haur\u00e0 de demanar una autoritzaci\u00f3 de resid\u00e8ncia per re agrupament familiar a favor dels membres de la seva fam\u00edlia que desitgi reagrupar.\u00a0<\/p>\n<p style=\"text-align: justify;\">Tamb\u00e9 haur\u00e0 de provar que disposa d&#8217; un allotjament adequat i de mitjans de subsist\u00e8ncia suficients per atendre les necessitats de tota la fam\u00edlia un cop reagrupada.<\/p>\n<p style=\"text-align: justify;\">Els fills, nascuts a Espanya, d&#8217; estrangers que es trobin residint legalment al territori espanyol, adquireixen autom\u00e0ticament el mateix tipus de perm\u00eds de resid\u00e8ncia del qual sigui titular qualsevol dels seus progenitors, sense necessitat d&#8217; obtenir l&#8217; exempci\u00f3 de visat.<\/p>\n<p style=\"text-align: justify;\">Els permisos de resid\u00e8ncia es poden renovar sempre que llurs circumst\u00e0ncies tant econ\u00f2miques com personals no vari\u00efn o se&#8217; n produeixin de noves que tamb\u00e9 justifiquen la renovaci\u00f3 del perm\u00eds.<\/p>\n<p style=\"text-align: justify;\">La renovaci\u00f3 de l&#8217;autoritzaci\u00f3 de resid\u00e8ncia temporal, l&#8217;haur\u00e0 de sol\u00b7licitar directament l&#8217;interessat amb una antelaci\u00f3 de 60 dies naturals (comptant dissabtes, diumenges i festius) al venciment de la data l\u00edmit de la seva vig\u00e8ncia. La presentaci\u00f3 d&#8217; aquesta sol\u00b7licitud prorroga autom\u00e0ticament la validesa de l&#8217; autoritzaci\u00f3 anterior fins que es resolgui l&#8217; expedient.<\/p>\n<p style=\"text-align: justify;\">Per la seva banda, si l&#8217; Administraci\u00f3 no contesta a la sol\u00b7licitud de renovaci\u00f3 en el termini de 3 mesos a comptar des de la data de la presentaci\u00f3, s&#8217; entendr\u00e0 que \u00e9s favorable i per tant que l&#8217; autoritzaci\u00f3 ha estat renovada. L&#8217;estranger disposar\u00e0 llavors del termini d&#8217;un mes per sol\u00b7licitar igualment la renovaci\u00f3 de la seva targeta d&#8217;identitat d&#8217;estranger.<\/p>\n<p style=\"text-align: justify;\">L&#8217; autoritzaci\u00f3 renovada tindr\u00e0 una vig\u00e8ncia de 2 anys, llevat que correspongui atorgar una autoritzaci\u00f3 permanent.<\/p>\n<p style=\"text-align: justify;\">Truca\u2019ns, estarem encantats d&#8217;atendre&#8217;t.<\/p>\n<p>[\/et_pb_text][\/et_pb_column][et_pb_column type=&#8221;1_3&#8243; _builder_version=&#8221;4.16&#8243; _module_preset=&#8221;default&#8221; background_color=&#8221;#0074c5&#8243; global_colors_info=&#8221;{}&#8221;][dsm_contact_form_7 cf7_library=&#8221;1133&#8243; show_validation=&#8221;on&#8221; label_bottom_spacing=&#8221;0px&#8221; button_alignment=&#8221;left&#8221; input_background_color=&#8221;RGBA(0,0,0,0)&#8221; file_padding=&#8221;||||false|false&#8221; file_background_color=&#8221;#FFFFFF&#8221; validation_error_background_color=&#8221;#FFFFFF&#8221; validation_success_background_color=&#8221;#FFFFFF&#8221; disabled_on=&#8221;off|off|off&#8221; _builder_version=&#8221;4.19.3&#8243; _module_preset=&#8221;default&#8221; labels_text_color=&#8221;#FFFFFF&#8221; input_textarea_select_text_color=&#8221;#FFFFFF&#8221; input_textarea_select_line_height=&#8221;1.1em&#8221; placeholder_text_color=&#8221;#FFFFFF&#8221; placeholder_line_height=&#8221;1.1em&#8221; radio_checkbox_text_color=&#8221;#FFFFFF&#8221; radio_checkbox_line_height=&#8221;1.1em&#8221; error_msg_text_color=&#8221;#EDF000&#8243; error_msg_line_height=&#8221;1.4em&#8221; error_validation_line_height=&#8221;1.2em&#8221; success_validation_line_height=&#8221;1.1em&#8221; background_color=&#8221;RGBA(0,0,0,0)&#8221; custom_button_one=&#8221;on&#8221; button_one_text_size=&#8221;17px&#8221; button_one_text_color=&#8221;#FFFFFF&#8221; button_one_bg_color=&#8221;RGBA(0,0,0,0)&#8221; button_one_border_width=&#8221;1px&#8221; button_one_border_radius=&#8221;10px&#8221; button_one_icon_color=&#8221;#FFFFFF&#8221; button_one_custom_margin=&#8221;15px|||5%|false|false&#8221; custom_margin=&#8221;5%|5%|10%|5%|false|false&#8221; custom_padding=&#8221;||45px||false|false&#8221; hover_enabled=&#8221;0&#8243; border_radii_image=&#8221;on|8px|8px|8px|8px&#8221; border_width_all_image=&#8221;1px&#8221; border_color_all_image=&#8221;rgba(255,255,255,0.48)&#8221; border_color_all_error_validation=&#8221;#FFFFFF&#8221; border_width_all_validation_success=&#8221;0px&#8221; border_color_all_validation_success=&#8221;#000000&#8243; global_colors_info=&#8221;{}&#8221; sticky_enabled=&#8221;0&#8243;][\/dsm_contact_form_7][\/et_pb_column][\/et_pb_row][\/et_pb_section]<\/p>\n","protected":false},"excerpt":{"rendered":"<p>Advocat reagrupament familiar Si desitges consultar m\u00e9s informaci\u00f3 sobre la re agrupaci\u00f3 familiar o que et resolguem algun dubte, contacta amb ISJ Assessors i ens posarem a la teva disposici\u00f3 per atendre&#8217;t.Reagrupament familiarLa re agrupaci\u00f3 Familiar \u00e9s un dret que assisteix a aquells estrangers que es troben residint legalment al nostre pa\u00eds i que comporta [&hellip;]<\/p>\n","protected":false},"author":1,"featured_media":0,"parent":0,"menu_order":0,"comment_status":"closed","ping_status":"closed","template":"","meta":{"_et_pb_use_builder":"on","_et_pb_old_content":"","_et_gb_content_width":"","footnotes":""},"class_list":["post-348","page","type-page","status-publish","hentry"],"_links":{"self":[{"href":"https:\/\/isjassessors.com\/ca\/wp-json\/wp\/v2\/pages\/348","targetHints":{"allow":["GET"]}}],"collection":[{"href":"https:\/\/isjassessors.com\/ca\/wp-json\/wp\/v2\/pages"}],"about":[{"href":"https:\/\/isjassessors.com\/ca\/wp-json\/wp\/v2\/types\/page"}],"author":[{"embeddable":true,"href":"https:\/\/isjassessors.com\/ca\/wp-json\/wp\/v2\/users\/1"}],"replies":[{"embeddable":true,"href":"https:\/\/isjassessors.com\/ca\/wp-json\/wp\/v2\/comments?post=348"}],"version-history":[{"count":0,"href":"https:\/\/isjassessors.com\/ca\/wp-json\/wp\/v2\/pages\/348\/revisions"}],"wp:attachment":[{"href":"https:\/\/isjassessors.com\/ca\/wp-json\/wp\/v2\/media?parent=348"}],"curies":[{"name":"wp","href":"https:\/\/api.w.org\/{rel}","templated":true}]}}