{"id":354,"date":"2021-07-23T06:52:01","date_gmt":"2021-07-23T06:52:01","guid":{"rendered":"https:\/\/isjassessors.com\/?page_id=354"},"modified":"2022-12-15T13:13:50","modified_gmt":"2022-12-15T13:13:50","slug":"renovacions-estrangeria","status":"publish","type":"page","link":"https:\/\/isjassessors.com\/ca\/renovacions-estrangeria","title":{"rendered":"renovacions estrangeria"},"content":{"rendered":"<p>[et_pb_section fb_built=&#8221;1&#8243; admin_label=&#8221;Hero&#8221; _builder_version=&#8221;4.16&#8243; background_color=&#8221;#084666&#8243; use_background_color_gradient=&#8221;on&#8221; background_color_gradient_direction=&#8221;170deg&#8221; background_color_gradient_stops=&#8221;#002e4f 1%|rgba(8,70,102,0.8) 100%&#8221; background_color_gradient_overlays_image=&#8221;on&#8221; background_color_gradient_start=&#8221;#002e4f&#8221; background_color_gradient_start_position=&#8221;1%&#8221; background_color_gradient_end=&#8221;rgba(8,70,102,0.8)&#8221; background_image=&#8221;https:\/\/isjassessors.com\/wp-content\/uploads\/2021\/07\/acoso-laboral-mobbing.jpg&#8221; custom_padding=&#8221;11px||4px|||&#8221; global_colors_info=&#8221;{}&#8221;][et_pb_row _builder_version=&#8221;4.16&#8243; background_size=&#8221;initial&#8221; background_position=&#8221;top_left&#8221; background_repeat=&#8221;repeat&#8221; custom_padding=&#8221;27px|0px|27px|0px|false|false&#8221; global_colors_info=&#8221;{}&#8221;][et_pb_column type=&#8221;4_4&#8243; _builder_version=&#8221;4.16&#8243; custom_padding=&#8221;|||&#8221; hover_enabled=&#8221;0&#8243; global_colors_info=&#8221;{}&#8221; custom_padding__hover=&#8221;|||&#8221; sticky_enabled=&#8221;0&#8243;][et_pb_text _builder_version=&#8221;4.19.3&#8243; text_font=&#8221;||||||||&#8221; text_font_size=&#8221;20px&#8221; text_line_height=&#8221;1.8em&#8221; header_font=&#8221;Open Sans|800|||||||&#8221; header_font_size=&#8221;45px&#8221; header_line_height=&#8221;1.3em&#8221; background_size=&#8221;initial&#8221; background_position=&#8221;top_left&#8221; background_repeat=&#8221;repeat&#8221; background_layout=&#8221;dark&#8221; max_width=&#8221;600px&#8221; custom_margin=&#8221;|||&#8221; custom_margin_tablet=&#8221;|100px||&#8221; custom_margin_phone=&#8221;|30px||&#8221; custom_margin_last_edited=&#8221;off|desktop&#8221; hover_enabled=&#8221;0&#8243; header_font_size_tablet=&#8221;50px&#8221; header_font_size_phone=&#8221;40px&#8221; header_font_size_last_edited=&#8221;on|phone&#8221; header_line_height_tablet=&#8221;&#8221; header_line_height_phone=&#8221;&#8221; header_line_height_last_edited=&#8221;on|desktop&#8221; global_colors_info=&#8221;{}&#8221; sticky_enabled=&#8221;0&#8243;]<\/p>\n<h1 class=\"page-entry-title\">Renovacions d\u2019Autoritzacions d\u2019Estrangeria<\/h1>\n<p style=\"text-align: justify;\"><span>T\u2019ajudem a gestionar el tr\u00e0mit que necessitis. Estudiem el teu cas per a solucions personalitzades.<\/span><\/p>\n<p>[\/et_pb_text][et_pb_button button_url=&#8221;https:\/\/isjassessors.com\/ca\/contacte&#8221; button_text=&#8221;Contacta&#8221; _builder_version=&#8221;4.19.3&#8243; custom_button=&#8221;on&#8221; button_text_size=&#8221;15px&#8221; button_bg_color=&#8221;#000000&#8243; button_border_width=&#8221;0px&#8221; button_border_radius=&#8221;0px&#8221; button_letter_spacing=&#8221;2px&#8221; button_font=&#8221;Open Sans|700||on|||||&#8221; button_use_icon=&#8221;off&#8221; background_layout=&#8221;dark&#8221; custom_margin=&#8221;||||true&#8221; custom_padding=&#8221;16px|32px|16px|32px|true|true&#8221; hover_enabled=&#8221;0&#8243; button_letter_spacing_hover=&#8221;2px&#8221; button_bg_color_hover=&#8221;#00e2c4&#8243; global_colors_info=&#8221;{}&#8221; button_text_size__hover_enabled=&#8221;off&#8221; button_one_text_size__hover_enabled=&#8221;off&#8221; button_two_text_size__hover_enabled=&#8221;off&#8221; button_text_color__hover_enabled=&#8221;off&#8221; button_one_text_color__hover_enabled=&#8221;off&#8221; button_two_text_color__hover_enabled=&#8221;off&#8221; button_border_width__hover_enabled=&#8221;off&#8221; button_one_border_width__hover_enabled=&#8221;off&#8221; button_two_border_width__hover_enabled=&#8221;off&#8221; button_border_color__hover_enabled=&#8221;off&#8221; button_one_border_color__hover_enabled=&#8221;off&#8221; button_two_border_color__hover_enabled=&#8221;off&#8221; button_border_radius__hover_enabled=&#8221;off&#8221; button_one_border_radius__hover_enabled=&#8221;off&#8221; button_two_border_radius__hover_enabled=&#8221;off&#8221; button_letter_spacing__hover_enabled=&#8221;on&#8221; button_letter_spacing__hover=&#8221;2px&#8221; button_one_letter_spacing__hover_enabled=&#8221;off&#8221; button_two_letter_spacing__hover_enabled=&#8221;off&#8221; button_bg_color__hover_enabled=&#8221;on&#8221; button_bg_color__hover=&#8221;#00e2c4&#8243; button_one_bg_color__hover_enabled=&#8221;off&#8221; button_two_bg_color__hover_enabled=&#8221;off&#8221; sticky_enabled=&#8221;0&#8243;][\/et_pb_button][\/et_pb_column][\/et_pb_row][\/et_pb_section][et_pb_section fb_built=&#8221;1&#8243; _builder_version=&#8221;4.16&#8243; _module_preset=&#8221;default&#8221; global_colors_info=&#8221;{}&#8221;][et_pb_row column_structure=&#8221;1_3,1_3,1_3&#8243; _builder_version=&#8221;4.16&#8243; _module_preset=&#8221;default&#8221; max_width=&#8221;100%&#8221; global_colors_info=&#8221;{}&#8221;][et_pb_column type=&#8221;1_3&#8243; _builder_version=&#8221;4.16&#8243; _module_preset=&#8221;default&#8221; global_colors_info=&#8221;{}&#8221;][et_pb_image src=&#8221;https:\/\/isjassessors.com\/wp-content\/uploads\/2021\/07\/renovaciones.jpg&#8221; title_text=&#8221;renovaciones&#8221; force_fullwidth=&#8221;on&#8221; _builder_version=&#8221;4.16&#8243; _module_preset=&#8221;default&#8221; global_colors_info=&#8221;{}&#8221;][\/et_pb_image][\/et_pb_column][et_pb_column type=&#8221;1_3&#8243; _builder_version=&#8221;4.16&#8243; _module_preset=&#8221;default&#8221; global_colors_info=&#8221;{}&#8221;][et_pb_text _builder_version=&#8221;4.19.3&#8243; text_font=&#8221;||||||||&#8221; text_text_color=&#8221;#0074c5&#8243; text_font_size=&#8221;16px&#8221; text_line_height=&#8221;2em&#8221; header_font=&#8221;||||||||&#8221; header_2_font=&#8221;Montserrat|800|||||||&#8221; header_2_text_color=&#8221;#0074c5&#8243; header_2_font_size=&#8221;30px&#8221; header_2_line_height=&#8221;1.5em&#8221; header_3_font=&#8221;||||||||&#8221; header_4_font=&#8221;||||||||&#8221; max_width=&#8221;520px&#8221; max_width_tablet=&#8221;700px&#8221; max_width_phone=&#8221;700px&#8221; max_width_last_edited=&#8221;off|desktop&#8221; custom_margin=&#8221;||17px|||&#8221; custom_margin_tablet=&#8221;|0px||&#8221; custom_margin_phone=&#8221;|0px||&#8221; custom_margin_last_edited=&#8221;off|desktop&#8221; custom_padding=&#8221;20px|||&#8221; hover_enabled=&#8221;0&#8243; header_2_font_size_tablet=&#8221;30px&#8221; header_2_font_size_phone=&#8221;20px&#8221; header_2_font_size_last_edited=&#8221;on|phone&#8221; border_color_all=&#8221;#0074c5&#8243; border_width_top=&#8221;2px&#8221; locked=&#8221;off&#8221; global_colors_info=&#8221;{}&#8221; sticky_enabled=&#8221;0&#8243;]<\/p>\n<h2>Renovaci\u00f3 autoritzaci\u00f3 residencia temporal i treball<\/h2>\n<p>[\/et_pb_text][et_pb_text _builder_version=&#8221;4.19.3&#8243; _module_preset=&#8221;default&#8221; background_color=&#8221;#FFFFFF&#8221; hover_enabled=&#8221;0&#8243; global_colors_info=&#8221;{}&#8221; sticky_enabled=&#8221;0&#8243;]<\/p>\n<p>La renovaci\u00f3 de les autoritzacions de resid\u00e8ncia temporal i treball per compte d\u2019 altri s\u2019 hauran de demanar durant els seixanta dies naturals previs a la data d\u2019 expiraci\u00f3 de la vig\u00e8ncia de la seva autoritzaci\u00f3. La presentaci\u00f3 de la sol\u00b7licitud en aquest termini prorrogar\u00e0 la validesa de l\u2019autoritzaci\u00f3 anterior fins a la resoluci\u00f3. Tamb\u00e9 es prorrogar\u00e0 fins a la resoluci\u00f3 de tr\u00e0mit, en el sup\u00f2sit que la sol\u00b7licitud es present\u00e9s dins dels noranta dies naturals posteriors a la data en qu\u00e8 hagu\u00e9s finalitzat la vig\u00e8ncia de l\u2019anterior autoritzaci\u00f3, sense perjudici que comporti sanci\u00f3 administrativa.<\/p>\n<p>Si el treballador estranger no rep la carta de sol\u00b7licitud de renovaci\u00f3 amb la sol\u00b7licitud, haur\u00e0 de realitzar el tr\u00e0mit per qualsevol altre dels procediments previstos per la Llei de R\u00e8gim Jur\u00eddic de les Administracions P\u00fabliques i del Procediment Administratiu Com\u00fa: en els registres dels \u00f2rgans administratius de l\u2019Administraci\u00f3 General de l\u2019Estat, de les Comunitats Aut\u00f2nomes i de l\u2019Administraci\u00f3 Local; o a les oficines de Correus, en sobre obert, per al seu registre.<\/p>\n<p>Existeixen requisits espec\u00edfics per a cada tipus de renovaci\u00f3 de resid\u00e8ncia.<\/p>\n<p>[\/et_pb_text][et_pb_text _builder_version=&#8221;4.19.3&#8243; text_font=&#8221;||||||||&#8221; text_text_color=&#8221;#0074c5&#8243; text_font_size=&#8221;16px&#8221; text_line_height=&#8221;2em&#8221; header_font=&#8221;||||||||&#8221; header_2_font=&#8221;Montserrat|800|||||||&#8221; header_2_text_color=&#8221;#0074c5&#8243; header_2_font_size=&#8221;30px&#8221; header_2_line_height=&#8221;1.5em&#8221; header_3_font=&#8221;||||||||&#8221; header_4_font=&#8221;||||||||&#8221; max_width=&#8221;520px&#8221; max_width_tablet=&#8221;700px&#8221; max_width_phone=&#8221;700px&#8221; max_width_last_edited=&#8221;off|desktop&#8221; custom_margin=&#8221;||17px|||&#8221; custom_margin_tablet=&#8221;|0px||&#8221; custom_margin_phone=&#8221;|0px||&#8221; custom_margin_last_edited=&#8221;off|desktop&#8221; custom_padding=&#8221;20px|||&#8221; hover_enabled=&#8221;0&#8243; header_2_font_size_tablet=&#8221;30px&#8221; header_2_font_size_phone=&#8221;20px&#8221; header_2_font_size_last_edited=&#8221;on|phone&#8221; border_color_all=&#8221;#0074c5&#8243; border_width_top=&#8221;2px&#8221; locked=&#8221;off&#8221; global_colors_info=&#8221;{}&#8221; sticky_enabled=&#8221;0&#8243;]<\/p>\n<h2>Renovaci\u00f3 del visat d\u2019estudiant a Espanya<\/h2>\n<p>[\/et_pb_text][et_pb_text _builder_version=&#8221;4.19.3&#8243; _module_preset=&#8221;default&#8221; background_color=&#8221;#FFFFFF&#8221; hover_enabled=&#8221;0&#8243; global_colors_info=&#8221;{}&#8221; sticky_enabled=&#8221;0&#8243;]<\/p>\n<p>Som especialistes en assessorament sobre visats d\u2019estudiants i de renovacions de targetes (TIE) d\u2019estudiants aix\u00ed com tamb\u00e9 autoritzacions de treball per a estudiants i realitzem la modificaci\u00f3 de l\u2019estatus d\u2019estudiant a autoritzaci\u00f3 de resid\u00e8ncia i treball inicial.<\/p>\n<p>Una persona estrangera podr\u00e0 sol\u00b7licitar una autoritzaci\u00f3 inicial com a estudiant, des de l\u2019Ambaixada d\u2019Espanya al pa\u00eds d\u2019origen i la novetat \u00e9s que es pot sol\u00b7licitar des d\u2019Espanya, a les Oficines d\u2019estrangeria. Dins dels primers 60 dies d\u2019estar en territori Espanyol.<\/p>\n<p>[\/et_pb_text][\/et_pb_column][et_pb_column type=&#8221;1_3&#8243; _builder_version=&#8221;4.16&#8243; _module_preset=&#8221;default&#8221; background_color=&#8221;#0074c5&#8243; global_colors_info=&#8221;{}&#8221;][dsm_contact_form_7 cf7_library=&#8221;1133&#8243; show_validation=&#8221;on&#8221; label_bottom_spacing=&#8221;0px&#8221; button_alignment=&#8221;left&#8221; input_background_color=&#8221;RGBA(0,0,0,0)&#8221; file_padding=&#8221;||||false|false&#8221; file_background_color=&#8221;#FFFFFF&#8221; validation_error_background_color=&#8221;#FFFFFF&#8221; validation_success_background_color=&#8221;#FFFFFF&#8221; disabled_on=&#8221;off|off|off&#8221; _builder_version=&#8221;4.19.3&#8243; _module_preset=&#8221;default&#8221; labels_text_color=&#8221;#FFFFFF&#8221; input_textarea_select_text_color=&#8221;#FFFFFF&#8221; input_textarea_select_line_height=&#8221;1.1em&#8221; placeholder_text_color=&#8221;#FFFFFF&#8221; placeholder_line_height=&#8221;1.1em&#8221; radio_checkbox_text_color=&#8221;#FFFFFF&#8221; radio_checkbox_line_height=&#8221;1.1em&#8221; error_msg_text_color=&#8221;#EDF000&#8243; error_msg_line_height=&#8221;1.4em&#8221; error_validation_line_height=&#8221;1.2em&#8221; success_validation_line_height=&#8221;1.1em&#8221; background_color=&#8221;RGBA(0,0,0,0)&#8221; custom_button_one=&#8221;on&#8221; button_one_text_size=&#8221;17px&#8221; button_one_text_color=&#8221;#FFFFFF&#8221; button_one_bg_color=&#8221;RGBA(0,0,0,0)&#8221; button_one_border_width=&#8221;1px&#8221; button_one_border_radius=&#8221;10px&#8221; button_one_icon_color=&#8221;#FFFFFF&#8221; button_one_custom_margin=&#8221;15px|||5%|false|false&#8221; custom_margin=&#8221;5%|5%|10%|5%|false|false&#8221; custom_padding=&#8221;||45px||false|false&#8221; hover_enabled=&#8221;0&#8243; border_radii_image=&#8221;on|8px|8px|8px|8px&#8221; border_width_all_image=&#8221;1px&#8221; border_color_all_image=&#8221;rgba(255,255,255,0.48)&#8221; border_color_all_error_validation=&#8221;#FFFFFF&#8221; border_width_all_validation_success=&#8221;0px&#8221; border_color_all_validation_success=&#8221;#000000&#8243; global_colors_info=&#8221;{}&#8221; sticky_enabled=&#8221;0&#8243;][\/dsm_contact_form_7][\/et_pb_column][\/et_pb_row][\/et_pb_section]<\/p>\n","protected":false},"excerpt":{"rendered":"<p>Renovacions d\u2019Autoritzacions d\u2019Estrangeria T\u2019ajudem a gestionar el tr\u00e0mit que necessitis. Estudiem el teu cas per a solucions personalitzades.Renovaci\u00f3 autoritzaci\u00f3 residencia temporal i treballLa renovaci\u00f3 de les autoritzacions de resid\u00e8ncia temporal i treball per compte d\u2019 altri s\u2019 hauran de demanar durant els seixanta dies naturals previs a la data d\u2019 expiraci\u00f3 de la vig\u00e8ncia de [&hellip;]<\/p>\n","protected":false},"author":1,"featured_media":0,"parent":0,"menu_order":0,"comment_status":"closed","ping_status":"closed","template":"","meta":{"_et_pb_use_builder":"on","_et_pb_old_content":"","_et_gb_content_width":"","footnotes":""},"class_list":["post-354","page","type-page","status-publish","hentry"],"_links":{"self":[{"href":"https:\/\/isjassessors.com\/ca\/wp-json\/wp\/v2\/pages\/354","targetHints":{"allow":["GET"]}}],"collection":[{"href":"https:\/\/isjassessors.com\/ca\/wp-json\/wp\/v2\/pages"}],"about":[{"href":"https:\/\/isjassessors.com\/ca\/wp-json\/wp\/v2\/types\/page"}],"author":[{"embeddable":true,"href":"https:\/\/isjassessors.com\/ca\/wp-json\/wp\/v2\/users\/1"}],"replies":[{"embeddable":true,"href":"https:\/\/isjassessors.com\/ca\/wp-json\/wp\/v2\/comments?post=354"}],"version-history":[{"count":0,"href":"https:\/\/isjassessors.com\/ca\/wp-json\/wp\/v2\/pages\/354\/revisions"}],"wp:attachment":[{"href":"https:\/\/isjassessors.com\/ca\/wp-json\/wp\/v2\/media?parent=354"}],"curies":[{"name":"wp","href":"https:\/\/api.w.org\/{rel}","templated":true}]}}