{"id":356,"date":"2021-07-23T06:53:21","date_gmt":"2021-07-23T06:53:21","guid":{"rendered":"https:\/\/isjassessors.com\/?page_id=356"},"modified":"2022-12-15T12:57:15","modified_gmt":"2022-12-15T12:57:15","slug":"permis-de-residencia","status":"publish","type":"page","link":"https:\/\/isjassessors.com\/ca\/permis-de-residencia","title":{"rendered":"permis de resid\u00e8ncia"},"content":{"rendered":"<p>[et_pb_section fb_built=&#8221;1&#8243; admin_label=&#8221;Hero&#8221; _builder_version=&#8221;4.16&#8243; background_color=&#8221;#084666&#8243; use_background_color_gradient=&#8221;on&#8221; background_color_gradient_direction=&#8221;170deg&#8221; background_color_gradient_stops=&#8221;#002e4f 1%|rgba(8,70,102,0.8) 100%&#8221; background_color_gradient_overlays_image=&#8221;on&#8221; background_color_gradient_start=&#8221;#002e4f&#8221; background_color_gradient_start_position=&#8221;1%&#8221; background_color_gradient_end=&#8221;rgba(8,70,102,0.8)&#8221; background_image=&#8221;https:\/\/isjassessors.com\/wp-content\/uploads\/2021\/07\/acoso-laboral-mobbing.jpg&#8221; custom_padding=&#8221;11px||4px|||&#8221; global_colors_info=&#8221;{}&#8221;][et_pb_row _builder_version=&#8221;4.16&#8243; background_size=&#8221;initial&#8221; background_position=&#8221;top_left&#8221; background_repeat=&#8221;repeat&#8221; custom_padding=&#8221;27px|0px|27px|0px|false|false&#8221; global_colors_info=&#8221;{}&#8221;][et_pb_column type=&#8221;4_4&#8243; _builder_version=&#8221;4.16&#8243; custom_padding=&#8221;|||&#8221; global_colors_info=&#8221;{}&#8221; custom_padding__hover=&#8221;|||&#8221;][et_pb_text _builder_version=&#8221;4.19.3&#8243; text_font=&#8221;||||||||&#8221; text_font_size=&#8221;20px&#8221; text_line_height=&#8221;1.8em&#8221; header_font=&#8221;Open Sans|800|||||||&#8221; header_font_size=&#8221;45px&#8221; header_line_height=&#8221;1.3em&#8221; background_size=&#8221;initial&#8221; background_position=&#8221;top_left&#8221; background_repeat=&#8221;repeat&#8221; background_layout=&#8221;dark&#8221; max_width=&#8221;600px&#8221; custom_margin=&#8221;|||&#8221; custom_margin_tablet=&#8221;|100px||&#8221; custom_margin_phone=&#8221;|30px||&#8221; custom_margin_last_edited=&#8221;off|desktop&#8221; hover_enabled=&#8221;0&#8243; header_font_size_tablet=&#8221;50px&#8221; header_font_size_phone=&#8221;40px&#8221; header_font_size_last_edited=&#8221;on|phone&#8221; header_line_height_tablet=&#8221;&#8221; header_line_height_phone=&#8221;&#8221; header_line_height_last_edited=&#8221;on|desktop&#8221; global_colors_info=&#8221;{}&#8221; sticky_enabled=&#8221;0&#8243;]<\/p>\n<h1 class=\"page-entry-title\" style=\"text-align: left;\">Advocat perm\u00eds de resid\u00e8ncia<\/h1>\n<p style=\"text-align: justify;\"><span>La gesti\u00f3 del perm\u00eds de resid\u00e8ncia amb un advocat expert reduir\u00e0 notablement les possibilitats d&#8217;una denegaci\u00f3 de la teva sol\u00b7licitud.<\/span><\/p>\n<p>[\/et_pb_text][et_pb_button button_url=&#8221;https:\/\/isjassessors.com\/ca\/contacte&#8221; button_text=&#8221;CONTACTEU&#8221; _builder_version=&#8221;4.19.3&#8243; custom_button=&#8221;on&#8221; button_text_size=&#8221;15px&#8221; button_bg_color=&#8221;#000000&#8243; button_border_width=&#8221;0px&#8221; button_border_radius=&#8221;0px&#8221; button_letter_spacing=&#8221;2px&#8221; button_font=&#8221;Open Sans|700||on|||||&#8221; button_use_icon=&#8221;off&#8221; background_layout=&#8221;dark&#8221; custom_margin=&#8221;||||true&#8221; custom_padding=&#8221;16px|32px|16px|32px|true|true&#8221; hover_enabled=&#8221;0&#8243; button_letter_spacing_hover=&#8221;2px&#8221; button_bg_color_hover=&#8221;#00e2c4&#8243; global_colors_info=&#8221;{}&#8221; button_text_size__hover_enabled=&#8221;off&#8221; button_one_text_size__hover_enabled=&#8221;off&#8221; button_two_text_size__hover_enabled=&#8221;off&#8221; button_text_color__hover_enabled=&#8221;off&#8221; button_one_text_color__hover_enabled=&#8221;off&#8221; button_two_text_color__hover_enabled=&#8221;off&#8221; button_border_width__hover_enabled=&#8221;off&#8221; button_one_border_width__hover_enabled=&#8221;off&#8221; button_two_border_width__hover_enabled=&#8221;off&#8221; button_border_color__hover_enabled=&#8221;off&#8221; button_one_border_color__hover_enabled=&#8221;off&#8221; button_two_border_color__hover_enabled=&#8221;off&#8221; button_border_radius__hover_enabled=&#8221;off&#8221; button_one_border_radius__hover_enabled=&#8221;off&#8221; button_two_border_radius__hover_enabled=&#8221;off&#8221; button_letter_spacing__hover_enabled=&#8221;on&#8221; button_letter_spacing__hover=&#8221;2px&#8221; button_one_letter_spacing__hover_enabled=&#8221;off&#8221; button_two_letter_spacing__hover_enabled=&#8221;off&#8221; button_bg_color__hover_enabled=&#8221;on&#8221; button_bg_color__hover=&#8221;#00e2c4&#8243; button_one_bg_color__hover_enabled=&#8221;off&#8221; button_two_bg_color__hover_enabled=&#8221;off&#8221; sticky_enabled=&#8221;0&#8243;][\/et_pb_button][\/et_pb_column][\/et_pb_row][\/et_pb_section][et_pb_section fb_built=&#8221;1&#8243; _builder_version=&#8221;4.16&#8243; _module_preset=&#8221;default&#8221; global_colors_info=&#8221;{}&#8221;][et_pb_row column_structure=&#8221;1_3,1_3,1_3&#8243; _builder_version=&#8221;4.16&#8243; _module_preset=&#8221;default&#8221; max_width=&#8221;100%&#8221; global_colors_info=&#8221;{}&#8221;][et_pb_column type=&#8221;1_3&#8243; _builder_version=&#8221;4.16&#8243; _module_preset=&#8221;default&#8221; global_colors_info=&#8221;{}&#8221;][et_pb_image src=&#8221;https:\/\/isjassessors.com\/wp-content\/uploads\/2021\/07\/permiso-residencia.jpg&#8221; title_text=&#8221;permiso-residencia&#8221; force_fullwidth=&#8221;on&#8221; _builder_version=&#8221;4.16&#8243; _module_preset=&#8221;default&#8221; global_colors_info=&#8221;{}&#8221;][\/et_pb_image][\/et_pb_column][et_pb_column type=&#8221;1_3&#8243; _builder_version=&#8221;4.16&#8243; _module_preset=&#8221;default&#8221; global_colors_info=&#8221;{}&#8221;][et_pb_text _builder_version=&#8221;4.19.0&#8243; text_font=&#8221;||||||||&#8221; text_text_color=&#8221;#0074c5&#8243; text_font_size=&#8221;16px&#8221; text_line_height=&#8221;2em&#8221; header_font=&#8221;||||||||&#8221; header_2_font=&#8221;Montserrat|800|||||||&#8221; header_2_text_color=&#8221;#0074c5&#8243; header_2_font_size=&#8221;30px&#8221; header_2_line_height=&#8221;1.5em&#8221; header_3_font=&#8221;||||||||&#8221; header_4_font=&#8221;||||||||&#8221; max_width=&#8221;520px&#8221; max_width_tablet=&#8221;700px&#8221; max_width_phone=&#8221;700px&#8221; max_width_last_edited=&#8221;off|desktop&#8221; custom_margin=&#8221;||17px|||&#8221; custom_margin_tablet=&#8221;|0px||&#8221; custom_margin_phone=&#8221;|0px||&#8221; custom_margin_last_edited=&#8221;off|desktop&#8221; custom_padding=&#8221;20px|||&#8221; header_2_font_size_tablet=&#8221;30px&#8221; header_2_font_size_phone=&#8221;20px&#8221; header_2_font_size_last_edited=&#8221;on|phone&#8221; border_color_all=&#8221;#0074c5&#8243; border_width_top=&#8221;2px&#8221; locked=&#8221;off&#8221; global_colors_info=&#8221;{}&#8221;]<\/p>\n<h2>Perm\u00eds de resid\u00e8ncia a Espanya<\/h2>\n<p>[\/et_pb_text][et_pb_text _builder_version=&#8221;4.19.0&#8243; _module_preset=&#8221;default&#8221; background_color=&#8221;#FFFFFF&#8221; global_colors_info=&#8221;{}&#8221;]<\/p>\n<p style=\"text-align: justify;\">El perm\u00eds de resid\u00e8ncia \u00e9s una autoritzaci\u00f3 que permet amb car\u00e0cter temporal o permanent a una persona estrangera viure i treballar a Espanya. En aquest cas, l&#8217; estranger, ha de reunir una s\u00e8rie de requisits objectius per poder ser beneficiari d&#8217; un perm\u00eds aix\u00ed. Entre ells, no ser ciutad\u00e0 de cap pa\u00eds de la Uni\u00f3 Europea (ja que la UE protegeix la lliure circulaci\u00f3 de persones entre els estats membres), de l&#8217;Espai Econ\u00f2mic Europeu o de Su\u00efssa (tamb\u00e9 compten amb acords). A m\u00e9s, la persona que aspiri al perm\u00eds de resid\u00e8ncia ha de complir els requisits legals com ara no trobar-se en situaci\u00f3 irregular o no tenir antecedents penals a Espanya o als seus pa\u00efsos anteriors de resid\u00e8ncia per delictes existents en l&#8217;Ordenament Jur\u00eddic espanyol. En el cas d&#8217; un perm\u00eds de resid\u00e8ncia per motius laborals, tamb\u00e9 ser\u00e0 imprescindible presentar un contracte de treball i abonar les taxes per la tramitaci\u00f3 d&#8217; aquest dret de resid\u00e8ncia.<\/p>\n<p style=\"text-align: justify;\"><strong>PERM\u00cdS DE RESID\u00c8NCIA PER MOTIUS LABORALS<\/strong><\/p>\n<p style=\"text-align: justify;\">L&#8217; ocupador haur\u00e0 tamb\u00e9 de complir una s\u00e8rie de tr\u00e0mits per assegurar la legalitat del seu empleat. Per suposat, el primer fet \u00e9s el d&#8217; haver signat un contracte de treball amb aquesta persona.<\/p>\n<p style=\"text-align: justify;\"><strong>PERMISOS DE RESID\u00c8NCIA PER ARRELAMENT<\/strong><\/p>\n<p style=\"text-align: justify;\">Hi ha diversos sup\u00f2sits en qu\u00e8 un estranger que visqui a Espanya de manera irregular, \u00e9s a dir sense una autoritzaci\u00f3 de resid\u00e8ncia, pot normalitzar la seva situaci\u00f3 mitjan\u00e7ant els permisos per arrelament que estableix la Llei.<\/p>\n<p style=\"text-align: justify;\"><strong>PERM\u00cdS DE RESID\u00c8NCIA PER A EMPLEATS DE LA LLAR<\/strong><\/p>\n<p style=\"text-align: justify;\">Una de les opcions que atorga la Llei perqu\u00e8 els estrangers obtinguin un perm\u00eds de resid\u00e8ncia, \u00e9s que aquests treballin com a empleats de la llar, en sentit ampli de la paraula: netejadors, cuidadors, jardiners, cuiners, conductors, etc.<\/p>\n<p style=\"text-align: justify;\"><strong>PERM\u00cdS DE RESID\u00c8NCIA PER A MENORS D&#8217; EDAT<\/strong><\/p>\n<p style=\"text-align: justify;\">El perm\u00eds de resid\u00e8ncia es podr\u00e0 concedir a menors d&#8217; edat no nascuts a Espanya fill d&#8217; estranger resident legal a Espanya, o sota tutela d&#8217; alguna instituci\u00f3 espanyola o de ciutadans espanyols o estrangers residents.<\/p>\n<p style=\"text-align: justify;\"><strong>PERM\u00cdS DE RESID\u00c8NCIA FAMILIAR<\/strong><\/p>\n<p style=\"text-align: justify;\">Qualsevol familiar o acompanyant d&#8217;algun ciutad\u00e0 membre dels estats de la Uni\u00f3 Europea, l&#8217;Espai Econ\u00f2mic Europeu i Su\u00efssa que pretengui residir a Espanya per un termini superior a tres mesos haur\u00e0 de sol\u00b7licitar una targeta de familiar que faci les vegades de perm\u00eds de resid\u00e8ncia.<\/p>\n<p style=\"text-align: justify;\"><strong>PERM\u00cdS DE RESID\u00c8NCIA PER INVERSI\u00d3<\/strong><\/p>\n<p style=\"text-align: justify;\">El fet d&#8217;adquirir a Espanya un o diversos habitatges valorats en almenys 500.000 euros suposa per a l&#8217;estranger comprador la consecuci\u00f3 del perm\u00eds de resid\u00e8ncia. Aquesta mesura, que s&#8217;emmarca dins de la Llei de Suport als Emprenedors de 2013, afecta tant a la compra d&#8217;habitatge com a la inversi\u00f3 en deute p\u00fablic, fons d&#8217;inversi\u00f3 i societats de capital.<\/p>\n<p>[\/et_pb_text][\/et_pb_column][et_pb_column type=&#8221;1_3&#8243; _builder_version=&#8221;4.16&#8243; _module_preset=&#8221;default&#8221; background_color=&#8221;#0074c5&#8243; global_colors_info=&#8221;{}&#8221;][dsm_contact_form_7 cf7_library=&#8221;1133&#8243; show_validation=&#8221;on&#8221; label_bottom_spacing=&#8221;0px&#8221; button_alignment=&#8221;left&#8221; input_background_color=&#8221;RGBA(0,0,0,0)&#8221; file_padding=&#8221;||||false|false&#8221; file_background_color=&#8221;#FFFFFF&#8221; validation_error_background_color=&#8221;#FFFFFF&#8221; validation_success_background_color=&#8221;#FFFFFF&#8221; disabled_on=&#8221;off|off|off&#8221; _builder_version=&#8221;4.19.3&#8243; _module_preset=&#8221;default&#8221; labels_text_color=&#8221;#FFFFFF&#8221; input_textarea_select_text_color=&#8221;#FFFFFF&#8221; input_textarea_select_line_height=&#8221;1.1em&#8221; placeholder_text_color=&#8221;#FFFFFF&#8221; placeholder_line_height=&#8221;1.1em&#8221; radio_checkbox_text_color=&#8221;#FFFFFF&#8221; radio_checkbox_line_height=&#8221;1.1em&#8221; error_msg_text_color=&#8221;#EDF000&#8243; error_msg_line_height=&#8221;1.4em&#8221; error_validation_line_height=&#8221;1.2em&#8221; success_validation_line_height=&#8221;1.1em&#8221; background_color=&#8221;RGBA(0,0,0,0)&#8221; custom_button_one=&#8221;on&#8221; button_one_text_size=&#8221;17px&#8221; button_one_text_color=&#8221;#FFFFFF&#8221; button_one_bg_color=&#8221;RGBA(0,0,0,0)&#8221; button_one_border_width=&#8221;1px&#8221; button_one_border_radius=&#8221;10px&#8221; button_one_icon_color=&#8221;#FFFFFF&#8221; button_one_custom_margin=&#8221;15px|||5%|false|false&#8221; custom_margin=&#8221;5%|5%|10%|5%|false|false&#8221; custom_padding=&#8221;||45px||false|false&#8221; hover_enabled=&#8221;0&#8243; border_radii_image=&#8221;on|8px|8px|8px|8px&#8221; border_width_all_image=&#8221;1px&#8221; border_color_all_image=&#8221;rgba(255,255,255,0.48)&#8221; border_color_all_error_validation=&#8221;#FFFFFF&#8221; border_width_all_validation_success=&#8221;0px&#8221; border_color_all_validation_success=&#8221;#000000&#8243; global_colors_info=&#8221;{}&#8221; sticky_enabled=&#8221;0&#8243;][\/dsm_contact_form_7][\/et_pb_column][\/et_pb_row][\/et_pb_section]<\/p>\n","protected":false},"excerpt":{"rendered":"<p>Advocat perm\u00eds de resid\u00e8ncia La gesti\u00f3 del perm\u00eds de resid\u00e8ncia amb un advocat expert reduir\u00e0 notablement les possibilitats d&#8217;una denegaci\u00f3 de la teva sol\u00b7licitud.Perm\u00eds de resid\u00e8ncia a EspanyaEl perm\u00eds de resid\u00e8ncia \u00e9s una autoritzaci\u00f3 que permet amb car\u00e0cter temporal o permanent a una persona estrangera viure i treballar a Espanya. En aquest cas, l&#8217; estranger, [&hellip;]<\/p>\n","protected":false},"author":1,"featured_media":0,"parent":0,"menu_order":0,"comment_status":"closed","ping_status":"closed","template":"","meta":{"_et_pb_use_builder":"on","_et_pb_old_content":"","_et_gb_content_width":"","footnotes":""},"class_list":["post-356","page","type-page","status-publish","hentry"],"_links":{"self":[{"href":"https:\/\/isjassessors.com\/ca\/wp-json\/wp\/v2\/pages\/356","targetHints":{"allow":["GET"]}}],"collection":[{"href":"https:\/\/isjassessors.com\/ca\/wp-json\/wp\/v2\/pages"}],"about":[{"href":"https:\/\/isjassessors.com\/ca\/wp-json\/wp\/v2\/types\/page"}],"author":[{"embeddable":true,"href":"https:\/\/isjassessors.com\/ca\/wp-json\/wp\/v2\/users\/1"}],"replies":[{"embeddable":true,"href":"https:\/\/isjassessors.com\/ca\/wp-json\/wp\/v2\/comments?post=356"}],"version-history":[{"count":0,"href":"https:\/\/isjassessors.com\/ca\/wp-json\/wp\/v2\/pages\/356\/revisions"}],"wp:attachment":[{"href":"https:\/\/isjassessors.com\/ca\/wp-json\/wp\/v2\/media?parent=356"}],"curies":[{"name":"wp","href":"https:\/\/api.w.org\/{rel}","templated":true}]}}