{"id":401,"date":"2021-07-29T13:35:35","date_gmt":"2021-07-29T13:35:35","guid":{"rendered":"https:\/\/isjassessors.com\/?page_id=401"},"modified":"2022-12-15T13:32:35","modified_gmt":"2022-12-15T13:32:35","slug":"fiscal-comptable","status":"publish","type":"page","link":"https:\/\/isjassessors.com\/ca\/fiscal-comptable","title":{"rendered":"fiscal i comptable"},"content":{"rendered":"<p>[et_pb_section fb_built=&#8221;1&#8243; admin_label=&#8221;Hero&#8221; _builder_version=&#8221;4.16&#8243; background_color=&#8221;#084666&#8243; use_background_color_gradient=&#8221;on&#8221; background_color_gradient_direction=&#8221;170deg&#8221; background_color_gradient_stops=&#8221;#002e4f 1%|rgba(8,70,102,0.8) 100%&#8221; background_color_gradient_overlays_image=&#8221;on&#8221; background_color_gradient_start=&#8221;#002e4f&#8221; background_color_gradient_start_position=&#8221;1%&#8221; background_color_gradient_end=&#8221;rgba(8,70,102,0.8)&#8221; background_image=&#8221;https:\/\/isjassessors.com\/wp-content\/uploads\/2021\/07\/contable.jpg&#8221; custom_padding=&#8221;11px||4px|||&#8221; global_colors_info=&#8221;{}&#8221;][et_pb_row _builder_version=&#8221;4.16&#8243; background_size=&#8221;initial&#8221; background_position=&#8221;top_left&#8221; background_repeat=&#8221;repeat&#8221; custom_padding=&#8221;27px|0px|27px|0px|false|false&#8221; global_colors_info=&#8221;{}&#8221;][et_pb_column type=&#8221;4_4&#8243; _builder_version=&#8221;4.16&#8243; custom_padding=&#8221;|||&#8221; global_colors_info=&#8221;{}&#8221; custom_padding__hover=&#8221;|||&#8221;][et_pb_text _builder_version=&#8221;4.19.1&#8243; text_font=&#8221;||||||||&#8221; text_font_size=&#8221;20px&#8221; text_line_height=&#8221;1.8em&#8221; header_font=&#8221;Open Sans|800|||||||&#8221; header_font_size=&#8221;45px&#8221; header_line_height=&#8221;1.3em&#8221; background_size=&#8221;initial&#8221; background_position=&#8221;top_left&#8221; background_repeat=&#8221;repeat&#8221; background_layout=&#8221;dark&#8221; max_width=&#8221;600px&#8221; custom_margin=&#8221;|||&#8221; custom_margin_tablet=&#8221;|100px||&#8221; custom_margin_phone=&#8221;|30px||&#8221; custom_margin_last_edited=&#8221;off|desktop&#8221; hover_enabled=&#8221;0&#8243; header_font_size_tablet=&#8221;50px&#8221; header_font_size_phone=&#8221;40px&#8221; header_font_size_last_edited=&#8221;on|phone&#8221; header_line_height_tablet=&#8221;&#8221; header_line_height_phone=&#8221;&#8221; header_line_height_last_edited=&#8221;on|desktop&#8221; global_colors_info=&#8221;{}&#8221; sticky_enabled=&#8221;0&#8243;]<\/p>\n<h1 class=\"page-entry-title\">Advocat dret fiscal i comptable<\/h1>\n<p><span>Si tens una empresa i vols saber quines son les teves obligacions fiscals i comptables o rebre altres assessoraments en aquesta mat\u00e8ria, truca&#8217;ns.<\/span><\/p>\n<p>[\/et_pb_text][et_pb_button button_url=&#8221;https:\/\/isjassessors.com\/ca\/contacte&#8221; button_text=&#8221;Contacta&#8221; _builder_version=&#8221;4.19.3&#8243; custom_button=&#8221;on&#8221; button_text_size=&#8221;15px&#8221; button_bg_color=&#8221;#000000&#8243; button_border_width=&#8221;0px&#8221; button_border_radius=&#8221;0px&#8221; button_letter_spacing=&#8221;2px&#8221; button_font=&#8221;Open Sans|700||on|||||&#8221; button_use_icon=&#8221;off&#8221; background_layout=&#8221;dark&#8221; custom_margin=&#8221;||||true&#8221; custom_padding=&#8221;16px|32px|16px|32px|true|true&#8221; hover_enabled=&#8221;0&#8243; button_letter_spacing_hover=&#8221;2px&#8221; button_bg_color_hover=&#8221;#00e2c4&#8243; global_colors_info=&#8221;{}&#8221; button_text_size__hover_enabled=&#8221;off&#8221; button_one_text_size__hover_enabled=&#8221;off&#8221; button_two_text_size__hover_enabled=&#8221;off&#8221; button_text_color__hover_enabled=&#8221;off&#8221; button_one_text_color__hover_enabled=&#8221;off&#8221; button_two_text_color__hover_enabled=&#8221;off&#8221; button_border_width__hover_enabled=&#8221;off&#8221; button_one_border_width__hover_enabled=&#8221;off&#8221; button_two_border_width__hover_enabled=&#8221;off&#8221; button_border_color__hover_enabled=&#8221;off&#8221; button_one_border_color__hover_enabled=&#8221;off&#8221; button_two_border_color__hover_enabled=&#8221;off&#8221; button_border_radius__hover_enabled=&#8221;off&#8221; button_one_border_radius__hover_enabled=&#8221;off&#8221; button_two_border_radius__hover_enabled=&#8221;off&#8221; button_letter_spacing__hover_enabled=&#8221;on&#8221; button_letter_spacing__hover=&#8221;2px&#8221; button_one_letter_spacing__hover_enabled=&#8221;off&#8221; button_two_letter_spacing__hover_enabled=&#8221;off&#8221; button_bg_color__hover_enabled=&#8221;on&#8221; button_bg_color__hover=&#8221;#00e2c4&#8243; button_one_bg_color__hover_enabled=&#8221;off&#8221; button_two_bg_color__hover_enabled=&#8221;off&#8221; sticky_enabled=&#8221;0&#8243;][\/et_pb_button][\/et_pb_column][\/et_pb_row][\/et_pb_section][et_pb_section fb_built=&#8221;1&#8243; _builder_version=&#8221;4.16&#8243; _module_preset=&#8221;default&#8221; global_colors_info=&#8221;{}&#8221;][et_pb_row column_structure=&#8221;1_3,1_3,1_3&#8243; _builder_version=&#8221;4.16&#8243; _module_preset=&#8221;default&#8221; max_width=&#8221;100%&#8221; global_colors_info=&#8221;{}&#8221;][et_pb_column type=&#8221;1_3&#8243; _builder_version=&#8221;4.16&#8243; _module_preset=&#8221;default&#8221; global_colors_info=&#8221;{}&#8221;][et_pb_image src=&#8221;https:\/\/isjassessors.com\/wp-content\/uploads\/2021\/07\/fiscal-contable.jpg&#8221; title_text=&#8221;fiscal y contable&#8221; force_fullwidth=&#8221;on&#8221; _builder_version=&#8221;4.16&#8243; _module_preset=&#8221;default&#8221; global_colors_info=&#8221;{}&#8221;][\/et_pb_image][\/et_pb_column][et_pb_column type=&#8221;1_3&#8243; _builder_version=&#8221;4.16&#8243; _module_preset=&#8221;default&#8221; global_colors_info=&#8221;{}&#8221;][et_pb_text _builder_version=&#8221;4.19.1&#8243; text_font=&#8221;||||||||&#8221; text_text_color=&#8221;#0074c5&#8243; text_font_size=&#8221;16px&#8221; text_line_height=&#8221;2em&#8221; header_font=&#8221;||||||||&#8221; header_2_font=&#8221;Montserrat|800|||||||&#8221; header_2_text_color=&#8221;#0074c5&#8243; header_2_font_size=&#8221;30px&#8221; header_2_line_height=&#8221;1.5em&#8221; header_3_font=&#8221;||||||||&#8221; header_4_font=&#8221;||||||||&#8221; max_width=&#8221;520px&#8221; max_width_tablet=&#8221;700px&#8221; max_width_phone=&#8221;700px&#8221; max_width_last_edited=&#8221;off|desktop&#8221; custom_margin=&#8221;||17px|||&#8221; custom_margin_tablet=&#8221;|0px||&#8221; custom_margin_phone=&#8221;|0px||&#8221; custom_margin_last_edited=&#8221;off|desktop&#8221; custom_padding=&#8221;20px|||&#8221; header_2_font_size_tablet=&#8221;30px&#8221; header_2_font_size_phone=&#8221;20px&#8221; header_2_font_size_last_edited=&#8221;on|phone&#8221; border_color_all=&#8221;#0074c5&#8243; border_width_top=&#8221;2px&#8221; locked=&#8221;off&#8221; global_colors_info=&#8221;{}&#8221;]<\/p>\n<h2>Dret fiscal i comptable<\/h2>\n<p>[\/et_pb_text][et_pb_text _builder_version=&#8221;4.19.1&#8243; _module_preset=&#8221;default&#8221; background_color=&#8221;#FFFFFF&#8221; global_colors_info=&#8221;{}&#8221;]<\/p>\n<p><strong>Inspeccions tribut\u00e0ries, impostos&#8230;<\/strong><\/p>\n<ul>\n<li>Assessorament, tramitaci\u00f3 i liquidaci\u00f3 d&#8217;impostos.<\/li>\n<li>Planificaci\u00f3 fiscal.<\/li>\n<li>Assist\u00e8ncia i representaci\u00f3 davant inspeccions tribut\u00e0ries.<\/li>\n<li>Auditories fiscals i valoraci\u00f3 de conting\u00e8ncies fiscals.<\/li>\n<li>Assessorament i gesti\u00f3 de societats, d&#8217;empresaris individuals i professionals liberals.<\/li>\n<li>Actuacions davant la Administraci\u00f3 Tribut\u00e0ria.<\/li>\n<\/ul>\n<p><strong><\/strong><\/p>\n<p><strong>An\u00e0lisi de balan\u00e7os, confecci\u00f3 comptabilitats&#8230;<\/strong><strong><\/strong><strong><\/strong><\/p>\n<p><strong><\/strong><\/p>\n<ul>\n<li>Confecci\u00f3 i supervisi\u00f3 de comptabilitats.<\/li>\n<li>Elaboraci\u00f3 i supervisi\u00f3 de comptes anuals i llibres oficials.<\/li>\n<li>Auditories.<\/li>\n<li>Actualizaci\u00f3 de comptabilitats.<\/li>\n<li>An\u00e0lisi, diseny i implantaci\u00f3 de sistemes de comptabilitat general, financera, de costos i pressupostaria.<\/li>\n<li>An\u00e0lisi de balan\u00e7os.<\/li>\n<\/ul>\n<p>[\/et_pb_text][\/et_pb_column][et_pb_column type=&#8221;1_3&#8243; _builder_version=&#8221;4.16&#8243; _module_preset=&#8221;default&#8221; background_color=&#8221;#0074c5&#8243; global_colors_info=&#8221;{}&#8221;][dsm_contact_form_7 cf7_library=&#8221;1133&#8243; show_validation=&#8221;on&#8221; label_bottom_spacing=&#8221;0px&#8221; button_alignment=&#8221;left&#8221; input_background_color=&#8221;RGBA(0,0,0,0)&#8221; file_padding=&#8221;||||false|false&#8221; file_background_color=&#8221;#FFFFFF&#8221; validation_error_background_color=&#8221;#FFFFFF&#8221; validation_success_background_color=&#8221;#FFFFFF&#8221; disabled_on=&#8221;off|off|off&#8221; _builder_version=&#8221;4.19.3&#8243; _module_preset=&#8221;default&#8221; labels_text_color=&#8221;#FFFFFF&#8221; input_textarea_select_text_color=&#8221;#FFFFFF&#8221; input_textarea_select_line_height=&#8221;1.1em&#8221; placeholder_text_color=&#8221;#FFFFFF&#8221; placeholder_line_height=&#8221;1.1em&#8221; radio_checkbox_text_color=&#8221;#FFFFFF&#8221; radio_checkbox_line_height=&#8221;1.1em&#8221; error_msg_text_color=&#8221;#EDF000&#8243; error_msg_line_height=&#8221;1.4em&#8221; error_validation_line_height=&#8221;1.2em&#8221; success_validation_line_height=&#8221;1.1em&#8221; background_color=&#8221;RGBA(0,0,0,0)&#8221; custom_button_one=&#8221;on&#8221; button_one_text_size=&#8221;17px&#8221; button_one_text_color=&#8221;#FFFFFF&#8221; button_one_bg_color=&#8221;RGBA(0,0,0,0)&#8221; button_one_border_width=&#8221;1px&#8221; button_one_border_radius=&#8221;10px&#8221; button_one_icon_color=&#8221;#FFFFFF&#8221; button_one_custom_margin=&#8221;15px|||5%|false|false&#8221; custom_margin=&#8221;5%|5%|10%|5%|false|false&#8221; custom_padding=&#8221;||45px||false|false&#8221; hover_enabled=&#8221;0&#8243; border_radii_image=&#8221;on|8px|8px|8px|8px&#8221; border_width_all_image=&#8221;1px&#8221; border_color_all_image=&#8221;rgba(255,255,255,0.48)&#8221; border_color_all_error_validation=&#8221;#FFFFFF&#8221; border_width_all_validation_success=&#8221;0px&#8221; border_color_all_validation_success=&#8221;#000000&#8243; global_colors_info=&#8221;{}&#8221; sticky_enabled=&#8221;0&#8243;][\/dsm_contact_form_7][\/et_pb_column][\/et_pb_row][\/et_pb_section]<\/p>\n","protected":false},"excerpt":{"rendered":"<p>Advocat dret fiscal i comptable Si tens una empresa i vols saber quines son les teves obligacions fiscals i comptables o rebre altres assessoraments en aquesta mat\u00e8ria, truca&#8217;ns.Dret fiscal i comptableInspeccions tribut\u00e0ries, impostos&#8230; Assessorament, tramitaci\u00f3 i liquidaci\u00f3 d&#8217;impostos. Planificaci\u00f3 fiscal. Assist\u00e8ncia i representaci\u00f3 davant inspeccions tribut\u00e0ries. Auditories fiscals i valoraci\u00f3 de conting\u00e8ncies fiscals. Assessorament i [&hellip;]<\/p>\n","protected":false},"author":1,"featured_media":0,"parent":0,"menu_order":0,"comment_status":"closed","ping_status":"closed","template":"","meta":{"_et_pb_use_builder":"on","_et_pb_old_content":"","_et_gb_content_width":"","footnotes":""},"class_list":["post-401","page","type-page","status-publish","hentry"],"_links":{"self":[{"href":"https:\/\/isjassessors.com\/ca\/wp-json\/wp\/v2\/pages\/401","targetHints":{"allow":["GET"]}}],"collection":[{"href":"https:\/\/isjassessors.com\/ca\/wp-json\/wp\/v2\/pages"}],"about":[{"href":"https:\/\/isjassessors.com\/ca\/wp-json\/wp\/v2\/types\/page"}],"author":[{"embeddable":true,"href":"https:\/\/isjassessors.com\/ca\/wp-json\/wp\/v2\/users\/1"}],"replies":[{"embeddable":true,"href":"https:\/\/isjassessors.com\/ca\/wp-json\/wp\/v2\/comments?post=401"}],"version-history":[{"count":0,"href":"https:\/\/isjassessors.com\/ca\/wp-json\/wp\/v2\/pages\/401\/revisions"}],"wp:attachment":[{"href":"https:\/\/isjassessors.com\/ca\/wp-json\/wp\/v2\/media?parent=401"}],"curies":[{"name":"wp","href":"https:\/\/api.w.org\/{rel}","templated":true}]}}